{"id":1115,"date":"2021-05-16T21:57:11","date_gmt":"2021-05-16T19:57:11","guid":{"rendered":"http:\/\/www.dorfplatz-staw.net\/Hofkueche\/?page_id=1115"},"modified":"2023-03-07T13:37:52","modified_gmt":"2023-03-07T12:37:52","slug":"eingekocht","status":"publish","type":"page","link":"https:\/\/www.dorfplatz-staw.net\/Hofkueche\/eingekocht\/","title":{"rendered":"eingekocht &#038; ausgepresst"},"content":{"rendered":"<div id='av_section_1'  class='avia-section main_color avia-section-default avia-no-shadow  avia-full-contain av-parallax-section avia-bg-style-parallax  avia-builder-el-0  el_before_av_one_full  avia-builder-el-first   av-minimum-height av-minimum-height-custom  container_wrap sidebar_right' style='background-color: #ec6608;  '  data-section-bg-repeat='contain'><div class='av-parallax' data-avia-parallax-ratio='0.3' ><div class='av-parallax-inner main_color  avia-full-contain' style = 'background-color: #ec6608; background-repeat: no-repeat; background-image: url(https:\/\/www.dorfplatz-staw.net\/Hofkueche\/wp-content\/uploads\/2021\/06\/Titelbild_einkocht-scaled.jpg);background-attachment: scroll; background-position: top left; ' ><\/div><\/div><div class='container' style='height:300px'><main  role=\"main\" itemprop=\"mainContentOfPage\"  class='template-page content  av-content-small alpha units'><div class='post-entry post-entry-type-page post-entry-1115'><div class='entry-content-wrapper clearfix'>\n<div  style='padding-bottom:0px; color:#ffffff;font-size:60px;' class='av-special-heading av-special-heading-h6 custom-color-heading blockquote modern-quote  avia-builder-el-1  avia-builder-el-no-sibling  av-thin-font av-inherit-size '><h6 class='av-special-heading-tag '  itemprop=\"headline\"  ><strong>eingekocht <span class='special_amp'>&amp;<\/span> ausgepresst<\/strong><\/h6><div class ='av-subheading av-subheading_below av_custom_color ' style='font-size:20px;'><p><strong>Ein Biosph\u00e4renpark-Projekt von Distelfink, farmfresh, Hofk\u00fcche und Naturheilraum<\/strong><\/p>\n<\/div><div class='special-heading-border'><div class='special-heading-inner-border' style='border-color:#ffffff'><\/div><\/div><\/div>\n<\/div><\/div><\/main><!-- close content main element --><\/div><\/div><div id='after_section_1'  class='main_color av_default_container_wrap container_wrap sidebar_right' style=' '  ><div class='container' ><div class='template-page content  av-content-small alpha units'><div class='post-entry post-entry-type-page post-entry-1115'><div class='entry-content-wrapper clearfix'><div class=\"flex_column av_one_full  flex_column_div av-zero-column-padding first  avia-builder-el-2  el_after_av_section  el_before_av_gallery  avia-builder-el-first  \" style='border-radius:0px; '><p><div  class='avia-image-container  av-styling-    avia-builder-el-3  el_before_av_textblock  avia-builder-el-first  avia-align-left '  itemprop=\"image\" itemscope=\"itemscope\" itemtype=\"https:\/\/schema.org\/ImageObject\"  ><div class='avia-image-container-inner'><div class='avia-image-overlay-wrap'><img decoding=\"async\" class='wp-image-1246 avia-img-lazy-loading-not-1246 avia_image' src=\"https:\/\/www.dorfplatz-staw.net\/Hofkueche\/wp-content\/uploads\/2021\/06\/Logoleiste_einkochtauspresst-2-scaled.jpg\" alt='' title='Logoleiste_einkochtauspresst' height=\"768\" width=\"2560\"  itemprop=\"thumbnailUrl\" srcset=\"https:\/\/www.dorfplatz-staw.net\/Hofkueche\/wp-content\/uploads\/2021\/06\/Logoleiste_einkochtauspresst-2-scaled.jpg 2560w, https:\/\/www.dorfplatz-staw.net\/Hofkueche\/wp-content\/uploads\/2021\/06\/Logoleiste_einkochtauspresst-2-300x90.jpg 300w, https:\/\/www.dorfplatz-staw.net\/Hofkueche\/wp-content\/uploads\/2021\/06\/Logoleiste_einkochtauspresst-2-1030x309.jpg 1030w, https:\/\/www.dorfplatz-staw.net\/Hofkueche\/wp-content\/uploads\/2021\/06\/Logoleiste_einkochtauspresst-2-768x230.jpg 768w, https:\/\/www.dorfplatz-staw.net\/Hofkueche\/wp-content\/uploads\/2021\/06\/Logoleiste_einkochtauspresst-2-1536x461.jpg 1536w, https:\/\/www.dorfplatz-staw.net\/Hofkueche\/wp-content\/uploads\/2021\/06\/Logoleiste_einkochtauspresst-2-2048x614.jpg 2048w, https:\/\/www.dorfplatz-staw.net\/Hofkueche\/wp-content\/uploads\/2021\/06\/Logoleiste_einkochtauspresst-2-1500x450.jpg 1500w, https:\/\/www.dorfplatz-staw.net\/Hofkueche\/wp-content\/uploads\/2021\/06\/Logoleiste_einkochtauspresst-2-705x212.jpg 705w\" sizes=\"(max-width: 2560px) 100vw, 2560px\" \/><\/div><\/div><\/div><br \/>\n<section class=\"av_textblock_section \"  itemscope=\"itemscope\" itemtype=\"https:\/\/schema.org\/CreativeWork\" ><div class='avia_textblock  '   itemprop=\"text\" ><section class=\"av_textblock_section \"  itemscope=\"itemscope\" itemtype=\"https:\/\/schema.org\/CreativeWork\" ><div class='avia_textblock  '   itemprop=\"text\" ><\/div><\/section>\n<div id=\"aviaTBheading-form-container\" class=\"avia_clearfix avia-form-element-container avia-element-fullwidth avia-element-input\">\n<div class=\"avia-form-element\">\n<p><strong>Das Projekt &#8222;eingekocht &#038; ausgepresst&#8220; ist eine Kooperation zwischen dem G\u00e4rtnerhof Distelfink, dem Biobauern farmfresh, der Hofk\u00fcche am Dorfplatz und dem Verein Naturheilraum<\/strong><\/p>\n<\/div>\n<\/div>\n<p><strong>Regionale Kooperation von Landwirtschaft und Gastronomie in St. Andr\u00e4-W\u00f6rdern<\/strong><\/p>\n<p>Der UNESCO Biosph\u00e4renpark Wienerwald wird 15 Jahre! Aus diesem Anlass hat das Biosph\u00e4renpark Wienerwald Management gemeinsam mit dem N\u00d6 Landschaftsfonds und dem Verein Nieder\u00f6sterreich &#8211; Wien den Projektwettbewerb \u201e15 Jahre \u2013 15 Projekte\u201c durchgef\u00fchrt.<\/p>\n<p>Mit diesem Projektwettbewerb werden Initiativen und Umsetzungsprojekte im Biosph\u00e4renpark Wienerwald unterst\u00fctzt, welche geeignet sind die Artenvielfalt und die Kulturlandschaft aber auch den Wienerwald als Erholungs- und Lebensraum zu erhalten.<\/p>\n<p>Ein <strong>Gewinner dieses Wettbewerbes ist unser Projekt \u201eeingekocht &#038; ausgepresst\u201c<\/strong>, eine Kooperation zwischen dem G\u00e4rtnerhof Distelfink, dem Biobetrieb farmfresh von der Familie Leitzinger, der Hofk\u00fcche und dem Verein Naturheilraum. Zwischen <strong>April \u2013 November 2021 werden Obst, Gem\u00fcse und Kr\u00e4uter gemeinsam geerntet und in der Hofk\u00fcche professionell verarbeitet.<\/strong> So werden saisonale \u00dcbersch\u00fcsse von Obst und Gem\u00fcse sinnvoll verwertet. Dazu gibt es Workshops, wo z.B. Sensen m\u00e4hen, das Zubereiten von Kr\u00e4uteraufstrichen oder der Bau von Apfelkisten gelehrt werden. F\u00fcr den Sommer und Herbst sind Aktionstage zum Einkochen, Pressen und D\u00f6rren geplant. Dazu sucht das Projektteam Helferinnen und Helfer aus dem Ort, die sich bei den Aktionen beteiligen wollen.<\/p>\n<p>Das Ziel ist es, die <strong>achtsame und nachhaltige Pflege und Nutzung von Natur- und Kulturr\u00e4umen in der Biosph\u00e4renparkgemeinde St. Andr\u00e4-W\u00f6rdern<\/strong> zu f\u00f6rdern und die andauernde wirtschaftliche Zusammenarbeit der verschiedenen Partner*innen zu st\u00e4rken.<\/p>\n<\/div><\/section><\/p><\/div><\/p>\n<div  class='avia-gallery  avia-gallery-1 avia_lazyload avia-gallery-animate avia_animate_when_visible  avia-builder-el-6  el_after_av_one_full  el_before_av_image '  itemprop=\"image\" itemscope=\"itemscope\" itemtype=\"https:\/\/schema.org\/ImageObject\" ><div class='avia-gallery-thumb'> <a href='https:\/\/www.dorfplatz-staw.net\/Hofkueche\/wp-content\/uploads\/2021\/12\/ea_glaeser_renate-sova-1030x773.jpg' data-rel='gallery-1' data-prev-img='https:\/\/www.dorfplatz-staw.net\/Hofkueche\/wp-content\/uploads\/2021\/12\/ea_glaeser_renate-sova-495x400.jpg' class='first_thumb lightbox ' data-onclick='1' title='Produkte von eingekocht &#038; ausgepresst'  itemprop=\"thumbnailUrl\"  ><img decoding=\"async\" class=\"wp-image-1416 avia-img-lazy-loading-not-1416\"  data-avia-tooltip='Produkte von eingekocht &#038; ausgepresst' src=\"https:\/\/www.dorfplatz-staw.net\/Hofkueche\/wp-content\/uploads\/2021\/12\/ea_glaeser_renate-sova-180x180.jpg\" width=\"180\" height=\"180\"  title='e&amp;a_glaeser_renate sova' alt='' srcset=\"https:\/\/www.dorfplatz-staw.net\/Hofkueche\/wp-content\/uploads\/2021\/12\/ea_glaeser_renate-sova-180x180.jpg 180w, https:\/\/www.dorfplatz-staw.net\/Hofkueche\/wp-content\/uploads\/2021\/12\/ea_glaeser_renate-sova-80x80.jpg 80w, https:\/\/www.dorfplatz-staw.net\/Hofkueche\/wp-content\/uploads\/2021\/12\/ea_glaeser_renate-sova-36x36.jpg 36w\" sizes=\"(max-width: 180px) 100vw, 180px\" \/><\/a> <a href='https:\/\/www.dorfplatz-staw.net\/Hofkueche\/wp-content\/uploads\/2021\/12\/ea_Apfelpresstage_renate-sova-13-1030x772.jpg' data-rel='gallery-1' data-prev-img='https:\/\/www.dorfplatz-staw.net\/Hofkueche\/wp-content\/uploads\/2021\/12\/ea_Apfelpresstage_renate-sova-13-495x400.jpg' class='lightbox ' data-onclick='2' title='Apfelpresstage'  itemprop=\"thumbnailUrl\"  ><img decoding=\"async\" class=\"wp-image-1415 avia-img-lazy-loading-not-1415\"  data-avia-tooltip='Apfelpresstage' src=\"https:\/\/www.dorfplatz-staw.net\/Hofkueche\/wp-content\/uploads\/2021\/12\/ea_Apfelpresstage_renate-sova-13-180x180.jpg\" width=\"180\" height=\"180\"  title='e&amp;a_Apfelpresstage_renate sova (13)' alt='' srcset=\"https:\/\/www.dorfplatz-staw.net\/Hofkueche\/wp-content\/uploads\/2021\/12\/ea_Apfelpresstage_renate-sova-13-180x180.jpg 180w, https:\/\/www.dorfplatz-staw.net\/Hofkueche\/wp-content\/uploads\/2021\/12\/ea_Apfelpresstage_renate-sova-13-80x80.jpg 80w, https:\/\/www.dorfplatz-staw.net\/Hofkueche\/wp-content\/uploads\/2021\/12\/ea_Apfelpresstage_renate-sova-13-36x36.jpg 36w\" sizes=\"(max-width: 180px) 100vw, 180px\" \/><\/a> <a href='https:\/\/www.dorfplatz-staw.net\/Hofkueche\/wp-content\/uploads\/2021\/12\/ea_passataparty_copyrightvalentinomanz-5-1030x1030.jpeg' data-rel='gallery-1' data-prev-img='https:\/\/www.dorfplatz-staw.net\/Hofkueche\/wp-content\/uploads\/2021\/12\/ea_passataparty_copyrightvalentinomanz-5-495x400.jpeg' class='lightbox ' data-onclick='3' title='Passata Party'  itemprop=\"thumbnailUrl\"  ><img decoding=\"async\" class=\"wp-image-1418 avia-img-lazy-loading-not-1418\"  data-avia-tooltip='Passata Party' src=\"https:\/\/www.dorfplatz-staw.net\/Hofkueche\/wp-content\/uploads\/2021\/12\/ea_passataparty_copyrightvalentinomanz-5-180x180.jpeg\" width=\"180\" height=\"180\"  title='e&amp;a_passataparty_copyrightvalentinomanz (5)' alt='' srcset=\"https:\/\/www.dorfplatz-staw.net\/Hofkueche\/wp-content\/uploads\/2021\/12\/ea_passataparty_copyrightvalentinomanz-5-180x180.jpeg 180w, https:\/\/www.dorfplatz-staw.net\/Hofkueche\/wp-content\/uploads\/2021\/12\/ea_passataparty_copyrightvalentinomanz-5-300x300.jpeg 300w, https:\/\/www.dorfplatz-staw.net\/Hofkueche\/wp-content\/uploads\/2021\/12\/ea_passataparty_copyrightvalentinomanz-5-1030x1030.jpeg 1030w, https:\/\/www.dorfplatz-staw.net\/Hofkueche\/wp-content\/uploads\/2021\/12\/ea_passataparty_copyrightvalentinomanz-5-80x80.jpeg 80w, https:\/\/www.dorfplatz-staw.net\/Hofkueche\/wp-content\/uploads\/2021\/12\/ea_passataparty_copyrightvalentinomanz-5-768x768.jpeg 768w, https:\/\/www.dorfplatz-staw.net\/Hofkueche\/wp-content\/uploads\/2021\/12\/ea_passataparty_copyrightvalentinomanz-5-1536x1536.jpeg 1536w, https:\/\/www.dorfplatz-staw.net\/Hofkueche\/wp-content\/uploads\/2021\/12\/ea_passataparty_copyrightvalentinomanz-5-2048x2048.jpeg 2048w, https:\/\/www.dorfplatz-staw.net\/Hofkueche\/wp-content\/uploads\/2021\/12\/ea_passataparty_copyrightvalentinomanz-5-36x36.jpeg 36w, https:\/\/www.dorfplatz-staw.net\/Hofkueche\/wp-content\/uploads\/2021\/12\/ea_passataparty_copyrightvalentinomanz-5-1500x1500.jpeg 1500w, https:\/\/www.dorfplatz-staw.net\/Hofkueche\/wp-content\/uploads\/2021\/12\/ea_passataparty_copyrightvalentinomanz-5-705x705.jpeg 705w\" sizes=\"(max-width: 180px) 100vw, 180px\" \/><\/a> <a href='https:\/\/www.dorfplatz-staw.net\/Hofkueche\/wp-content\/uploads\/2021\/12\/ea_passataparty_copyrightvalentinomanz-1-1030x725.jpeg' data-rel='gallery-1' data-prev-img='https:\/\/www.dorfplatz-staw.net\/Hofkueche\/wp-content\/uploads\/2021\/12\/ea_passataparty_copyrightvalentinomanz-1-495x400.jpeg' class='lightbox ' data-onclick='4' title='Passata Party'  itemprop=\"thumbnailUrl\"  ><img decoding=\"async\" class=\"wp-image-1417 avia-img-lazy-loading-not-1417\"  data-avia-tooltip='Passata Party' src=\"https:\/\/www.dorfplatz-staw.net\/Hofkueche\/wp-content\/uploads\/2021\/12\/ea_passataparty_copyrightvalentinomanz-1-180x180.jpeg\" width=\"180\" height=\"180\"  title='e&amp;a_passataparty_copyrightvalentinomanz (1)' alt='' srcset=\"https:\/\/www.dorfplatz-staw.net\/Hofkueche\/wp-content\/uploads\/2021\/12\/ea_passataparty_copyrightvalentinomanz-1-180x180.jpeg 180w, https:\/\/www.dorfplatz-staw.net\/Hofkueche\/wp-content\/uploads\/2021\/12\/ea_passataparty_copyrightvalentinomanz-1-80x80.jpeg 80w, https:\/\/www.dorfplatz-staw.net\/Hofkueche\/wp-content\/uploads\/2021\/12\/ea_passataparty_copyrightvalentinomanz-1-36x36.jpeg 36w\" sizes=\"(max-width: 180px) 100vw, 180px\" \/><\/a> <a href='https:\/\/www.dorfplatz-staw.net\/Hofkueche\/wp-content\/uploads\/2021\/12\/ea_Apfelpresstage_renate-sova-2-1030x771.jpg' data-rel='gallery-1' data-prev-img='https:\/\/www.dorfplatz-staw.net\/Hofkueche\/wp-content\/uploads\/2021\/12\/ea_Apfelpresstage_renate-sova-2-495x400.jpg' class='lightbox ' data-onclick='5' title='Apfelpresstage'  itemprop=\"thumbnailUrl\"  ><img decoding=\"async\" class=\"wp-image-1413 avia-img-lazy-loading-not-1413\"  data-avia-tooltip='Apfelpresstage' src=\"https:\/\/www.dorfplatz-staw.net\/Hofkueche\/wp-content\/uploads\/2021\/12\/ea_Apfelpresstage_renate-sova-2-180x180.jpg\" width=\"180\" height=\"180\"  title='e&amp;a_Apfelpresstage_renate sova (2)' alt='' srcset=\"https:\/\/www.dorfplatz-staw.net\/Hofkueche\/wp-content\/uploads\/2021\/12\/ea_Apfelpresstage_renate-sova-2-180x180.jpg 180w, https:\/\/www.dorfplatz-staw.net\/Hofkueche\/wp-content\/uploads\/2021\/12\/ea_Apfelpresstage_renate-sova-2-80x80.jpg 80w, https:\/\/www.dorfplatz-staw.net\/Hofkueche\/wp-content\/uploads\/2021\/12\/ea_Apfelpresstage_renate-sova-2-36x36.jpg 36w\" sizes=\"(max-width: 180px) 100vw, 180px\" \/><\/a> <a href='https:\/\/www.dorfplatz-staw.net\/Hofkueche\/wp-content\/uploads\/2021\/12\/ea_Apfelpresstage_renate-sova-7-1030x773.jpg' data-rel='gallery-1' data-prev-img='https:\/\/www.dorfplatz-staw.net\/Hofkueche\/wp-content\/uploads\/2021\/12\/ea_Apfelpresstage_renate-sova-7-495x400.jpg' class='first_thumb lightbox ' data-onclick='6' title='Apfelpresstage'  itemprop=\"thumbnailUrl\"  ><img decoding=\"async\" class=\"wp-image-1414 avia-img-lazy-loading-not-1414\"  data-avia-tooltip='Apfelpresstage' src=\"https:\/\/www.dorfplatz-staw.net\/Hofkueche\/wp-content\/uploads\/2021\/12\/ea_Apfelpresstage_renate-sova-7-180x180.jpg\" width=\"180\" height=\"180\"  title='e&amp;a_Apfelpresstage_renate sova (7)' alt='' srcset=\"https:\/\/www.dorfplatz-staw.net\/Hofkueche\/wp-content\/uploads\/2021\/12\/ea_Apfelpresstage_renate-sova-7-180x180.jpg 180w, https:\/\/www.dorfplatz-staw.net\/Hofkueche\/wp-content\/uploads\/2021\/12\/ea_Apfelpresstage_renate-sova-7-80x80.jpg 80w, https:\/\/www.dorfplatz-staw.net\/Hofkueche\/wp-content\/uploads\/2021\/12\/ea_Apfelpresstage_renate-sova-7-36x36.jpg 36w\" sizes=\"(max-width: 180px) 100vw, 180px\" \/><\/a> <a href='https:\/\/www.dorfplatz-staw.net\/Hofkueche\/wp-content\/uploads\/2021\/12\/eua_Glaeser_2517_bresl-1-868x1030.jpg' data-rel='gallery-1' data-prev-img='https:\/\/www.dorfplatz-staw.net\/Hofkueche\/wp-content\/uploads\/2021\/12\/eua_Glaeser_2517_bresl-1-495x400.jpg' class='lightbox ' data-onclick='7' title='Produkte von eingekocht &#038; ausgepresst'  itemprop=\"thumbnailUrl\"  ><img decoding=\"async\" class=\"wp-image-1420 avia-img-lazy-loading-not-1420\"  data-avia-tooltip='Produkte von eingekocht &#038; ausgepresst' src=\"https:\/\/www.dorfplatz-staw.net\/Hofkueche\/wp-content\/uploads\/2021\/12\/eua_Glaeser_2517_bresl-1-180x180.jpg\" width=\"180\" height=\"180\"  title='eua_Glaeser_2517_bresl' alt='' srcset=\"https:\/\/www.dorfplatz-staw.net\/Hofkueche\/wp-content\/uploads\/2021\/12\/eua_Glaeser_2517_bresl-1-180x180.jpg 180w, https:\/\/www.dorfplatz-staw.net\/Hofkueche\/wp-content\/uploads\/2021\/12\/eua_Glaeser_2517_bresl-1-80x80.jpg 80w, https:\/\/www.dorfplatz-staw.net\/Hofkueche\/wp-content\/uploads\/2021\/12\/eua_Glaeser_2517_bresl-1-36x36.jpg 36w\" sizes=\"(max-width: 180px) 100vw, 180px\" \/><\/a> <a href='https:\/\/www.dorfplatz-staw.net\/Hofkueche\/wp-content\/uploads\/2021\/12\/ea_Apfelpresstage_renate-sova-1-1030x773.jpg' data-rel='gallery-1' data-prev-img='https:\/\/www.dorfplatz-staw.net\/Hofkueche\/wp-content\/uploads\/2021\/12\/ea_Apfelpresstage_renate-sova-1-495x400.jpg' class='lightbox ' data-onclick='8' title='Apfelpresstage'  itemprop=\"thumbnailUrl\"  ><img decoding=\"async\" class=\"wp-image-1412 avia-img-lazy-loading-not-1412\"  data-avia-tooltip='Apfelpresstage' src=\"https:\/\/www.dorfplatz-staw.net\/Hofkueche\/wp-content\/uploads\/2021\/12\/ea_Apfelpresstage_renate-sova-1-180x180.jpg\" width=\"180\" height=\"180\"  title='e&amp;a_Apfelpresstage_renate sova (1)' alt='' srcset=\"https:\/\/www.dorfplatz-staw.net\/Hofkueche\/wp-content\/uploads\/2021\/12\/ea_Apfelpresstage_renate-sova-1-180x180.jpg 180w, https:\/\/www.dorfplatz-staw.net\/Hofkueche\/wp-content\/uploads\/2021\/12\/ea_Apfelpresstage_renate-sova-1-80x80.jpg 80w, https:\/\/www.dorfplatz-staw.net\/Hofkueche\/wp-content\/uploads\/2021\/12\/ea_Apfelpresstage_renate-sova-1-36x36.jpg 36w\" sizes=\"(max-width: 180px) 100vw, 180px\" \/><\/a> <a href='https:\/\/www.dorfplatz-staw.net\/Hofkueche\/wp-content\/uploads\/2021\/09\/ea_passataparty_copyrightvalentinomanz-9-773x1030.jpeg' data-rel='gallery-1' data-prev-img='https:\/\/www.dorfplatz-staw.net\/Hofkueche\/wp-content\/uploads\/2021\/09\/ea_passataparty_copyrightvalentinomanz-9-495x400.jpeg' class='lightbox ' data-onclick='9' title='Passata Party'  itemprop=\"thumbnailUrl\"  ><img decoding=\"async\" class=\"wp-image-1320 avia-img-lazy-loading-not-1320\"  data-avia-tooltip='Passata Party' src=\"https:\/\/www.dorfplatz-staw.net\/Hofkueche\/wp-content\/uploads\/2021\/09\/ea_passataparty_copyrightvalentinomanz-9-180x180.jpeg\" width=\"180\" height=\"180\"  title='e&amp;a_passataparty_copyrightvalentinomanz (9)' alt='' srcset=\"https:\/\/www.dorfplatz-staw.net\/Hofkueche\/wp-content\/uploads\/2021\/09\/ea_passataparty_copyrightvalentinomanz-9-180x180.jpeg 180w, https:\/\/www.dorfplatz-staw.net\/Hofkueche\/wp-content\/uploads\/2021\/09\/ea_passataparty_copyrightvalentinomanz-9-80x80.jpeg 80w, https:\/\/www.dorfplatz-staw.net\/Hofkueche\/wp-content\/uploads\/2021\/09\/ea_passataparty_copyrightvalentinomanz-9-36x36.jpeg 36w\" sizes=\"(max-width: 180px) 100vw, 180px\" \/><\/a> <a href='https:\/\/www.dorfplatz-staw.net\/Hofkueche\/wp-content\/uploads\/2021\/09\/ea_passataparty_copyrightvalentinomanz-8-773x1030.jpeg' data-rel='gallery-1' data-prev-img='https:\/\/www.dorfplatz-staw.net\/Hofkueche\/wp-content\/uploads\/2021\/09\/ea_passataparty_copyrightvalentinomanz-8-495x400.jpeg' class='lightbox ' data-onclick='10' title='Passata Party'  itemprop=\"thumbnailUrl\"  ><img decoding=\"async\" class=\"wp-image-1317 avia-img-lazy-loading-not-1317\"  data-avia-tooltip='Passata Party' src=\"https:\/\/www.dorfplatz-staw.net\/Hofkueche\/wp-content\/uploads\/2021\/09\/ea_passataparty_copyrightvalentinomanz-8-180x180.jpeg\" width=\"180\" height=\"180\"  title='e&amp;a_passataparty_copyrightvalentinomanz (8)' alt='' srcset=\"https:\/\/www.dorfplatz-staw.net\/Hofkueche\/wp-content\/uploads\/2021\/09\/ea_passataparty_copyrightvalentinomanz-8-180x180.jpeg 180w, https:\/\/www.dorfplatz-staw.net\/Hofkueche\/wp-content\/uploads\/2021\/09\/ea_passataparty_copyrightvalentinomanz-8-80x80.jpeg 80w, https:\/\/www.dorfplatz-staw.net\/Hofkueche\/wp-content\/uploads\/2021\/09\/ea_passataparty_copyrightvalentinomanz-8-36x36.jpeg 36w\" sizes=\"(max-width: 180px) 100vw, 180px\" \/><\/a><\/div><\/div>\n<div  class='avia-image-container  av-styling-    avia-builder-el-7  el_after_av_gallery  el_before_av_two_third  avia-align-center '  itemprop=\"image\" itemscope=\"itemscope\" itemtype=\"https:\/\/schema.org\/ImageObject\"  ><div class='avia-image-container-inner'><div class='avia-image-overlay-wrap'><img decoding=\"async\" class='wp-image-1171 avia-img-lazy-loading-not-1171 avia_image' src=\"https:\/\/www.dorfplatz-staw.net\/Hofkueche\/wp-content\/uploads\/2021\/06\/2021-06-02.png\" alt='' title='2021-06-02' height=\"216\" width=\"936\"  itemprop=\"thumbnailUrl\" srcset=\"https:\/\/www.dorfplatz-staw.net\/Hofkueche\/wp-content\/uploads\/2021\/06\/2021-06-02.png 936w, https:\/\/www.dorfplatz-staw.net\/Hofkueche\/wp-content\/uploads\/2021\/06\/2021-06-02-300x69.png 300w, https:\/\/www.dorfplatz-staw.net\/Hofkueche\/wp-content\/uploads\/2021\/06\/2021-06-02-768x177.png 768w, https:\/\/www.dorfplatz-staw.net\/Hofkueche\/wp-content\/uploads\/2021\/06\/2021-06-02-705x163.png 705w\" sizes=\"(max-width: 936px) 100vw, 936px\" \/><\/div><\/div><\/div>\n<div class=\"flex_column av_two_third  flex_column_div av-zero-column-padding first  avia-builder-el-8  el_after_av_image  el_before_av_three_fourth  \" style='border-radius:0px; '><\/div>\n<div class=\"flex_column av_three_fourth  flex_column_div av-zero-column-padding first  avia-builder-el-9  el_after_av_two_third  el_before_av_three_fourth  column-top-margin\" style='border-radius:0px; '><\/div>\n<div class=\"flex_column av_three_fourth  flex_column_div av-zero-column-padding first  avia-builder-el-10  el_after_av_three_fourth  el_before_av_three_fourth  column-top-margin\" style='border-radius:0px; '><\/div>\n<div class=\"flex_column av_three_fourth  flex_column_div av-zero-column-padding first  avia-builder-el-11  el_after_av_three_fourth  avia-builder-el-last  column-top-margin\" style='border-radius:0px; '><\/div>\n","protected":false},"excerpt":{"rendered":"","protected":false},"author":2,"featured_media":0,"parent":0,"menu_order":0,"comment_status":"closed","ping_status":"closed","template":"","meta":{"slim_seo":[]},"_links":{"self":[{"href":"https:\/\/www.dorfplatz-staw.net\/Hofkueche\/wp-json\/wp\/v2\/pages\/1115"}],"collection":[{"href":"https:\/\/www.dorfplatz-staw.net\/Hofkueche\/wp-json\/wp\/v2\/pages"}],"about":[{"href":"https:\/\/www.dorfplatz-staw.net\/Hofkueche\/wp-json\/wp\/v2\/types\/page"}],"author":[{"embeddable":true,"href":"https:\/\/www.dorfplatz-staw.net\/Hofkueche\/wp-json\/wp\/v2\/users\/2"}],"replies":[{"embeddable":true,"href":"https:\/\/www.dorfplatz-staw.net\/Hofkueche\/wp-json\/wp\/v2\/comments?post=1115"}],"version-history":[{"count":52,"href":"https:\/\/www.dorfplatz-staw.net\/Hofkueche\/wp-json\/wp\/v2\/pages\/1115\/revisions"}],"predecessor-version":[{"id":1747,"href":"https:\/\/www.dorfplatz-staw.net\/Hofkueche\/wp-json\/wp\/v2\/pages\/1115\/revisions\/1747"}],"wp:attachment":[{"href":"https:\/\/www.dorfplatz-staw.net\/Hofkueche\/wp-json\/wp\/v2\/media?parent=1115"}],"curies":[{"name":"wp","href":"https:\/\/api.w.org\/{rel}","templated":true}]}}