{"id":1731,"date":"2023-03-07T14:00:44","date_gmt":"2023-03-07T13:00:44","guid":{"rendered":"http:\/\/www.dorfplatz-staw.net\/Hofkueche\/?page_id=1731"},"modified":"2026-05-06T14:41:43","modified_gmt":"2026-05-06T12:41:43","slug":"feiern","status":"publish","type":"page","link":"https:\/\/www.dorfplatz-staw.net\/Hofkueche\/feiern\/","title":{"rendered":"Feiern"},"content":{"rendered":"<div id='av_section_1'  class='avia-section main_color avia-section-default avia-no-shadow  avia-bg-style-parallax  avia-builder-el-0  el_before_av_two_fifth  avia-builder-el-first   av-minimum-height av-minimum-height-custom  container_wrap sidebar_right' style='background-color: #ec6608;  '  ><div class='container' style='height:300px'><main  role=\"main\" itemprop=\"mainContentOfPage\"  class='template-page content  av-content-small alpha units'><div class='post-entry post-entry-type-page post-entry-1731'><div class='entry-content-wrapper clearfix'>\n<div  style='padding-bottom:0px; color:#ffffff;font-size:60px;' class='av-special-heading av-special-heading-h6 custom-color-heading blockquote modern-quote  avia-builder-el-1  avia-builder-el-no-sibling  av-thin-font av-inherit-size '><h6 class='av-special-heading-tag '  itemprop=\"headline\"  ><strong>Entspannt Feste feiern <\/strong><\/h6><div class ='av-subheading av-subheading_below av_custom_color ' style='font-size:20px;'><p><strong>\u2013 in der Hofk\u00fcche am DORFPLATZ!!<\/strong><\/p>\n<\/div><div class='special-heading-border'><div class='special-heading-inner-border' style='border-color:#ffffff'><\/div><\/div><\/div>\n<\/div><\/div><\/main><!-- close content main element --><\/div><\/div><div id='after_section_1'  class='main_color av_default_container_wrap container_wrap sidebar_right' style=' '  ><div class='container' ><div class='template-page content  av-content-small alpha units'><div class='post-entry post-entry-type-page post-entry-1731'><div class='entry-content-wrapper clearfix'>\n<div class=\"flex_column av_two_fifth  flex_column_div av-zero-column-padding first  avia-builder-el-2  el_after_av_section  el_before_av_three_fifth  avia-builder-el-first  \" style='border-radius:0px; '><div  class='avia-image-container  av-styling-    avia-builder-el-3  avia-builder-el-no-sibling  avia-align-center '  itemprop=\"image\" itemscope=\"itemscope\" itemtype=\"https:\/\/schema.org\/ImageObject\"  ><div class='avia-image-container-inner'><div class='avia-image-overlay-wrap'><img decoding=\"async\" class='wp-image-1751 avia-img-lazy-loading-not-1751 avia_image' src=\"https:\/\/www.dorfplatz-staw.net\/Hofkueche\/wp-content\/uploads\/2023\/03\/Hund-1030x1030.jpg\" alt='' title='Hund' height=\"1030\" width=\"1030\"  itemprop=\"thumbnailUrl\" srcset=\"https:\/\/www.dorfplatz-staw.net\/Hofkueche\/wp-content\/uploads\/2023\/03\/Hund-1030x1030.jpg 1030w, https:\/\/www.dorfplatz-staw.net\/Hofkueche\/wp-content\/uploads\/2023\/03\/Hund-300x300.jpg 300w, https:\/\/www.dorfplatz-staw.net\/Hofkueche\/wp-content\/uploads\/2023\/03\/Hund-80x80.jpg 80w, https:\/\/www.dorfplatz-staw.net\/Hofkueche\/wp-content\/uploads\/2023\/03\/Hund-768x768.jpg 768w, https:\/\/www.dorfplatz-staw.net\/Hofkueche\/wp-content\/uploads\/2023\/03\/Hund-1536x1536.jpg 1536w, https:\/\/www.dorfplatz-staw.net\/Hofkueche\/wp-content\/uploads\/2023\/03\/Hund-2048x2048.jpg 2048w, https:\/\/www.dorfplatz-staw.net\/Hofkueche\/wp-content\/uploads\/2023\/03\/Hund-36x36.jpg 36w, https:\/\/www.dorfplatz-staw.net\/Hofkueche\/wp-content\/uploads\/2023\/03\/Hund-180x180.jpg 180w, https:\/\/www.dorfplatz-staw.net\/Hofkueche\/wp-content\/uploads\/2023\/03\/Hund-1500x1500.jpg 1500w, https:\/\/www.dorfplatz-staw.net\/Hofkueche\/wp-content\/uploads\/2023\/03\/Hund-705x705.jpg 705w\" sizes=\"(max-width: 1030px) 100vw, 1030px\" \/><\/div><\/div><\/div><\/div>\n<div class=\"flex_column av_three_fifth  flex_column_div av-zero-column-padding   avia-builder-el-4  el_after_av_two_fifth  el_before_av_one_full  \" style='border-radius:0px; '><section class=\"av_textblock_section \"  itemscope=\"itemscope\" itemtype=\"https:\/\/schema.org\/CreativeWork\" ><div class='avia_textblock  '   itemprop=\"text\" ><p><strong>Egal ob Hochzeit, Geburtstag, Firmenjubil\u00e4um, Taufe,\u2026<\/strong> &#8211; die Hofk\u00fcche am <strong>DORFPLATZ<\/strong> ist die ideale Location f\u00fcr eine entspannte Feier.<br \/>\nDaf\u00fcr stehen dir unterschiedliche Bereiche der Hofk\u00fcche zur Verf\u00fcgung:<\/p>\n<ul>\n<li>Der helle und luftige Innenraum der Hofk\u00fcche mit der offenen K\u00fcche und der gro\u00dfen Schank bietet ein gem\u00fctliches Ambiente. Hier kannst du auch nach 22 Uhr Musik machen und tanzen. Das gro\u00dfe Glastor kann zur G\u00e4nze ge\u00f6ffnet werden und damit bis 22 Uhr der Schanigarten gut ins Geschehen miteinbezogen werden.<\/li>\n<li>Das mediterrane Flair des gro\u00dfen Innenhofes geh\u00f6rt zu unseren Highlights. Zwischen Oleandern, Kr\u00e4uterbeeten und unz\u00e4hligen Blument\u00f6pfen kommt unweigerlich Urlaubsfeeling auf.<\/li>\n<li>Ein luftiger, aber vor Sonne und Regen gesch\u00fctzter Ort, ist der offene Wintergarten der Hofk\u00fcche. Von hier aus hast du einen wunderbaren Blick auf unsere \u201egr\u00fcne Oase\u201c.<\/li>\n<li>Ausreichend Platz f\u00fcr eine standesamtliche Trauung oder eine gro\u00dfe Festtafel bietet unser offener Stadl.<\/li>\n<\/ul>\n<p><strong>Du kannst f\u00fcr dein Fest gerne nur einen Teil oder alle Bereiche der Hofk\u00fcche mieten.<\/strong><br \/>\nF\u00fcr die kleinen G\u00e4ste gibt es einen Spielplatz in unserem gro\u00dfen Innenhof und auch Vierbeiner sind herzlich willkommen.<br \/>\nDas engagierte Team der Hofk\u00fcche wird dich und deine G\u00e4ste ganz nach deinen W\u00fcnschen verw\u00f6hnen. Wir legen viel Wert auf regionale, saisonale und Bio-Produkte, die wir mit viel Liebe verarbeiten. Gemeinsam mit dem Hofk\u00fcchen-Team stellst du dein Wunsch-Men\u00fc\/Buffet zusammen. Ob \u00f6sterreichische Klassiker, mediterrane Gaumenfreuden oder orientalische Leckerbissen \u2013 du kannst aus einer breiten Palette an Gerichten ausw\u00e4hlen. Gerne kochen wir auch vegan oder nehmen auf Nahrungsmittelunvertr\u00e4glichkeiten R\u00fccksicht.<br \/>\nUnser erprobtes Serviceteam wird deine G\u00e4ste an deinem Fest mit Speis und Trank umsorgen und f\u00fcr einen reibungslosen Ablauf sorgen. Du kannst also ganz entspannt mit deinen G\u00e4sten feiern.<\/p>\n<p>Die Hofk\u00fcche ist Teil des Dorfplatzes in St. Andr\u00e4-W\u00f6rdern. Nur knapp 20 km von Wien entfernt \u2013 zwischen Klosterneuburg und Tulln gelegen\u2013 erwartet dich ein sehr gem\u00fctlicher und au\u00dfergew\u00f6hnlicher Ort, wo du dein Fest ganz nach deinen W\u00fcnschen gestalten kannst.<br \/>\nHier findest du den<a href=\"http:\/\/www.dorfplatz-staw.net\/Hofkueche\/wp-content\/uploads\/2026\/05\/Infofolder_Feiern_2026.pdf\"> Info-Folder<\/a> mit allen weiteren Informationen.<\/p>\n<\/div><\/section><\/div><div class=\"flex_column av_one_full  flex_column_div av-zero-column-padding first  avia-builder-el-6  el_after_av_three_fifth  el_before_av_two_fifth  \" style='border-radius:0px; '><\/div><\/p>\n<div class=\"flex_column av_two_fifth  flex_column_div av-zero-column-padding first  avia-builder-el-7  el_after_av_one_full  el_before_av_three_fifth  column-top-margin\" style='border-radius:0px; '><div  class='avia-image-container  av-styling-    avia-builder-el-8  avia-builder-el-no-sibling  avia-align-center '  itemprop=\"image\" itemscope=\"itemscope\" itemtype=\"https:\/\/schema.org\/ImageObject\"  ><div class='avia-image-container-inner'><div class='avia-image-overlay-wrap'><img decoding=\"async\" class='wp-image-1755 avia-img-lazy-loading-not-1755 avia_image' src=\"https:\/\/www.dorfplatz-staw.net\/Hofkueche\/wp-content\/uploads\/2023\/03\/feiern-1030x1030.jpg\" alt='' title='feiern' height=\"1030\" width=\"1030\"  itemprop=\"thumbnailUrl\" srcset=\"https:\/\/www.dorfplatz-staw.net\/Hofkueche\/wp-content\/uploads\/2023\/03\/feiern-1030x1030.jpg 1030w, https:\/\/www.dorfplatz-staw.net\/Hofkueche\/wp-content\/uploads\/2023\/03\/feiern-300x300.jpg 300w, https:\/\/www.dorfplatz-staw.net\/Hofkueche\/wp-content\/uploads\/2023\/03\/feiern-80x80.jpg 80w, https:\/\/www.dorfplatz-staw.net\/Hofkueche\/wp-content\/uploads\/2023\/03\/feiern-768x768.jpg 768w, https:\/\/www.dorfplatz-staw.net\/Hofkueche\/wp-content\/uploads\/2023\/03\/feiern-1536x1536.jpg 1536w, https:\/\/www.dorfplatz-staw.net\/Hofkueche\/wp-content\/uploads\/2023\/03\/feiern-2048x2048.jpg 2048w, https:\/\/www.dorfplatz-staw.net\/Hofkueche\/wp-content\/uploads\/2023\/03\/feiern-36x36.jpg 36w, https:\/\/www.dorfplatz-staw.net\/Hofkueche\/wp-content\/uploads\/2023\/03\/feiern-180x180.jpg 180w, https:\/\/www.dorfplatz-staw.net\/Hofkueche\/wp-content\/uploads\/2023\/03\/feiern-1500x1500.jpg 1500w, https:\/\/www.dorfplatz-staw.net\/Hofkueche\/wp-content\/uploads\/2023\/03\/feiern-705x705.jpg 705w\" sizes=\"(max-width: 1030px) 100vw, 1030px\" \/><\/div><\/div><\/div><\/div>\n<div class=\"flex_column av_three_fifth  flex_column_div av-zero-column-padding   avia-builder-el-9  el_after_av_two_fifth  avia-builder-el-last  column-top-margin\" style='border-radius:0px; '><section class=\"av_textblock_section \"  itemscope=\"itemscope\" itemtype=\"https:\/\/schema.org\/CreativeWork\" ><div class='avia_textblock  '   itemprop=\"text\" ><h3>Mach dir doch selbst ein Bild und komm vorbei.<\/h3>\n<p>Damit wir gen\u00fcgend Zeit f\u00fcr dich haben, freuen wir uns \u00fcber ein kurzes Mail von dir: <a href=\"mailto:feiern@dorfplatz-staw.net\">feiern@dorfplatz-staw.net<\/a>.<\/p>\n<p><strong>Wir freuen uns!<\/strong><\/p>\n<\/div><\/section><\/div>\n","protected":false},"excerpt":{"rendered":"","protected":false},"author":1,"featured_media":0,"parent":0,"menu_order":0,"comment_status":"closed","ping_status":"closed","template":"","meta":{"slim_seo":{"description":"Feiern Sie Hochzeiten, Geburtstage oder Firmenfeste in der Hofk\u00fcche St. Andr\u00e4-W\u00f6rdern \u2013 entspannte Atmosph\u00e4re, regionale K\u00fcche, gro\u00dfer Innenhof!"}},"_links":{"self":[{"href":"https:\/\/www.dorfplatz-staw.net\/Hofkueche\/wp-json\/wp\/v2\/pages\/1731"}],"collection":[{"href":"https:\/\/www.dorfplatz-staw.net\/Hofkueche\/wp-json\/wp\/v2\/pages"}],"about":[{"href":"https:\/\/www.dorfplatz-staw.net\/Hofkueche\/wp-json\/wp\/v2\/types\/page"}],"author":[{"embeddable":true,"href":"https:\/\/www.dorfplatz-staw.net\/Hofkueche\/wp-json\/wp\/v2\/users\/1"}],"replies":[{"embeddable":true,"href":"https:\/\/www.dorfplatz-staw.net\/Hofkueche\/wp-json\/wp\/v2\/comments?post=1731"}],"version-history":[{"count":18,"href":"https:\/\/www.dorfplatz-staw.net\/Hofkueche\/wp-json\/wp\/v2\/pages\/1731\/revisions"}],"predecessor-version":[{"id":2710,"href":"https:\/\/www.dorfplatz-staw.net\/Hofkueche\/wp-json\/wp\/v2\/pages\/1731\/revisions\/2710"}],"wp:attachment":[{"href":"https:\/\/www.dorfplatz-staw.net\/Hofkueche\/wp-json\/wp\/v2\/media?parent=1731"}],"curies":[{"name":"wp","href":"https:\/\/api.w.org\/{rel}","templated":true}]}}