{"id":20,"date":"2020-07-09T15:49:00","date_gmt":"2020-07-09T13:49:00","guid":{"rendered":"http:\/\/192.168.1.104\/restaurant\/?page_id=18"},"modified":"2024-11-16T08:40:27","modified_gmt":"2024-11-16T07:40:27","slug":"locations","status":"publish","type":"page","link":"https:\/\/www.dorfplatz-staw.net\/Hofkueche\/locations\/","title":{"rendered":"Kontakt \/ Anfahrt"},"content":{"rendered":"<div id='av_section_1'  class='avia-section alternate_color avia-section-default avia-no-shadow  avia-bg-style-scroll  avia-builder-el-0  avia-builder-el-no-sibling   container_wrap sidebar_right' style=' '  ><div class='container' ><main  role=\"main\" itemprop=\"mainContentOfPage\"  class='template-page content  av-content-small alpha units'><div class='post-entry post-entry-type-page post-entry-20'><div class='entry-content-wrapper clearfix'>\n<div class=\"flex_column av_one_half  flex_column_div first  avia-builder-el-1  el_before_av_one_half  avia-builder-el-first  \" ><p><div  style='padding-bottom:10px; color:#020202;' class='av-special-heading av-special-heading-h1 custom-color-heading   avia-builder-el-2  el_before_av_image  avia-builder-el-first  av-thin-font '><h1 class='av-special-heading-tag '  itemprop=\"headline\"  >Komm <strong>vorbei<\/strong><\/h1><div class='special-heading-border'><div class='special-heading-inner-border' style='border-color:#020202'><\/div><\/div><\/div><br \/>\n<div  class='avia-image-container  av-styling-    avia-builder-el-3  el_after_av_heading  el_before_av_textblock  avia-align-center '  itemprop=\"image\" itemscope=\"itemscope\" itemtype=\"https:\/\/schema.org\/ImageObject\"  ><div class='avia-image-container-inner'><div class='avia-image-overlay-wrap'><img decoding=\"async\" class='wp-image-467 avia-img-lazy-loading-not-467 avia_image' src=\"https:\/\/www.dorfplatz-staw.net\/Hofkueche\/wp-content\/uploads\/2020\/06\/20190307_112009.jpg\" alt='' title='20190307_112009' height=\"600\" width=\"948\"  itemprop=\"thumbnailUrl\" srcset=\"https:\/\/www.dorfplatz-staw.net\/Hofkueche\/wp-content\/uploads\/2020\/06\/20190307_112009.jpg 948w, https:\/\/www.dorfplatz-staw.net\/Hofkueche\/wp-content\/uploads\/2020\/06\/20190307_112009-300x190.jpg 300w, https:\/\/www.dorfplatz-staw.net\/Hofkueche\/wp-content\/uploads\/2020\/06\/20190307_112009-768x486.jpg 768w, https:\/\/www.dorfplatz-staw.net\/Hofkueche\/wp-content\/uploads\/2020\/06\/20190307_112009-705x446.jpg 705w\" sizes=\"(max-width: 948px) 100vw, 948px\" \/><\/div><\/div><\/div><br \/>\n<section class=\"av_textblock_section \"  itemscope=\"itemscope\" itemtype=\"https:\/\/schema.org\/CreativeWork\" ><div class='avia_textblock  '   itemprop=\"text\" ><p><strong>Josef-Karner-Platz 1<\/strong><br \/>\n<strong>3423 St. Andr\u00e4-W\u00f6rdern<\/strong><\/p>\n<p><span class=\"d2edcug0 hpfvmrgz qv66sw1b c1et5uql rrkovp55 a8c37x1j keod5gw0 nxhoafnm aigsh9s9 d3f4x2em fe6kdd0r mau55g9w c8b282yb iv3no6db jq4qci2q a3bd9o3v knj5qynh oo9gr5id hzawbc8m\" dir=\"auto\"><span class=\"d2edcug0 hpfvmrgz qv66sw1b c1et5uql rrkovp55 jq4qci2q a3bd9o3v knj5qynh oo9gr5id hzawbc8m\">Die Hofk\u00fcche findet sich im 2. Innenhof vom DORFPLATZ St. Andr\u00e4-W\u00f6rdern, einem sozialen Zentrum mitten im Ort. Neben der Gastronomie gibt es verschiedene Werkst\u00e4tten, Ateliers und ein Gemeinschaftsb\u00fcro. <\/span><\/span><\/p>\n<p><span class=\"d2edcug0 hpfvmrgz qv66sw1b c1et5uql rrkovp55 a8c37x1j keod5gw0 nxhoafnm aigsh9s9 d3f4x2em fe6kdd0r mau55g9w c8b282yb iv3no6db jq4qci2q a3bd9o3v knj5qynh oo9gr5id hzawbc8m\" dir=\"auto\"><span class=\"d2edcug0 hpfvmrgz qv66sw1b c1et5uql rrkovp55 jq4qci2q a3bd9o3v knj5qynh oo9gr5id hzawbc8m\">St. Andr\u00e4-W\u00f6rdern liegt an der Franz-Josefs-Bahn, etwa 25 min von Wien. Die Hofk\u00fcche ist in 5 min. zu Fu\u00df vom Bahnhof St. Andr\u00e4-W\u00f6rdern zu erreichen.\u00a0<\/span><\/span><\/p>\n<p><strong>Kontakt:<\/strong><\/p>\n<p><strong>+43 677 629 20 305<\/strong><br \/>\n<a href=\"mailto: hofkueche@dorfplatz-staw.net\"><strong> hofkueche(at)dorfplatz-staw.net<\/strong><\/a><\/p>\n<\/div><\/section><\/p><\/div><div class=\"flex_column av_one_half  flex_column_div av-zero-column-padding   avia-builder-el-5  el_after_av_one_half  el_before_av_one_half  \" style='border-radius:0px; '><div  class='av_gmaps_sc_main_wrap av_gmaps_main_wrap '><div id='av_gmap_0' class='avia-google-map-container avia-google-map-sc av_gmaps_show_unconditionally ' data-mapid='av_gmap_0'  style='height: 400px; background-image:url(http:\/\/www.dorfplatz-staw.net\/Hofkueche\/wp-content\/uploads\/2020\/06\/plan_hoefkueche-1030x599.jpg);'><a class=\"av_gmaps_browser_disabled av_text_confirm_link av_text_confirm_link_visible\" href=\"https:\/\/www.google.com\/maps\/search\/?api=1&#038;query=Josef-Karner-Platz%201%203423%20St.%20Andr\u00e4-W\u00f6rdern%20Nieder\u00f6sterreich%20Austria\" target=\"_blank\" rel=\"noopener\">Maps were disabled by the visitor on this site. Click to open the map in a new window.<\/a><\/div><\/div><\/div><div class=\"flex_column av_one_half  flex_column_div first  avia-builder-el-7  el_after_av_one_half  avia-builder-el-last  column-top-margin\" ><p><div  style='padding-bottom:10px; color:#020202;' class='av-special-heading av-special-heading-h1 custom-color-heading   avia-builder-el-8  el_before_av_contact  avia-builder-el-first  '><h1 class='av-special-heading-tag '  itemprop=\"headline\"  >Schreibt uns<\/h1><div class='special-heading-border'><div class='special-heading-inner-border' style='border-color:#020202'><\/div><\/div><\/div><br \/>\n<form action=\"https:\/\/www.dorfplatz-staw.net\/Hofkueche\/locations\/\" method=\"post\"  class=\"avia_ajax_form av-form-labels-visible   avia-builder-el-9  el_after_av_heading  avia-builder-el-last   \" data-avia-form-id=\"1\" data-avia-redirect='' ><fieldset><p class='  first_form  form_element form_element_half' id='element_avia_1_1'><label for=\"avia_1_1\">Name <abbr class=\"required\" title=\"required\">*<\/abbr><\/label> <input name=\"avia_1_1\" class=\"text_input is_empty\" type=\"text\" id=\"avia_1_1\" value=\"\" \/><\/p><p class='  form_element form_element_half' id='element_avia_2_1'><label for=\"avia_2_1\">E-Mail <abbr class=\"required\" title=\"required\">*<\/abbr><\/label> <input name=\"avia_2_1\" class=\"text_input is_email\" type=\"text\" id=\"avia_2_1\" value=\"\" \/><\/p><p class='  first_form  form_element form_fullwidth' id='element_avia_3_1'><label for=\"avia_3_1\">Betreff <abbr class=\"required\" title=\"required\">*<\/abbr><\/label> <input name=\"avia_3_1\" class=\"text_input is_empty\" type=\"text\" id=\"avia_3_1\" value=\"\" \/><\/p><p class='  first_form  form_element form_fullwidth av-last-visible-form-element' id='element_avia_4_1'><label for=\"avia_4_1\" class=\"textare_label hidden textare_label_avia_4_1\">Nachricht <abbr class=\"required\" title=\"required\">*<\/abbr><\/label><textarea  name=\"avia_4_1\" class=\"text_area is_empty\" cols=\"40\" rows=\"7\" id=\"avia_4_1\" ><\/textarea><\/p><p class=\"hidden\"><input type=\"text\" name=\"avia_5_1\" class=\"hidden \" id=\"avia_5_1\" value=\"\" \/><\/p><p class=\"form_element \"><input type=\"hidden\" value=\"1\" name=\"avia_generated_form1\" \/><input type=\"submit\" value=\"Abschicken\" class=\"button\"  data-sending-label=\"Sending\"\/><\/p><\/fieldset><\/form><div id=\"ajaxresponse_1\" class=\"ajaxresponse ajaxresponse_1 hidden\"><\/div><\/p><\/div><\/div><\/div><\/main><!-- close content main element --><\/div><\/div><div id='after_section_1'  class='main_color av_default_container_wrap container_wrap sidebar_right' style=' '  ><div class='container' ><div class='template-page content  av-content-small alpha units'><div class='post-entry post-entry-type-page post-entry-20'><div class='entry-content-wrapper clearfix'>\n","protected":false},"excerpt":{"rendered":"","protected":false},"author":1,"featured_media":0,"parent":0,"menu_order":0,"comment_status":"open","ping_status":"open","template":"","meta":{"slim_seo":{"description":"Die Hofk\u00fcche St. Andr\u00e4-W\u00f6rdern befindet sich am DORFPLATZ St. Andr\u00e4-W\u00f6rdern und ist in 5 min. zu Fu\u00df vom Bahnhof St. Andr\u00e4-W\u00f6rdern zu erreichen."}},"_links":{"self":[{"href":"https:\/\/www.dorfplatz-staw.net\/Hofkueche\/wp-json\/wp\/v2\/pages\/20"}],"collection":[{"href":"https:\/\/www.dorfplatz-staw.net\/Hofkueche\/wp-json\/wp\/v2\/pages"}],"about":[{"href":"https:\/\/www.dorfplatz-staw.net\/Hofkueche\/wp-json\/wp\/v2\/types\/page"}],"author":[{"embeddable":true,"href":"https:\/\/www.dorfplatz-staw.net\/Hofkueche\/wp-json\/wp\/v2\/users\/1"}],"replies":[{"embeddable":true,"href":"https:\/\/www.dorfplatz-staw.net\/Hofkueche\/wp-json\/wp\/v2\/comments?post=20"}],"version-history":[{"count":35,"href":"https:\/\/www.dorfplatz-staw.net\/Hofkueche\/wp-json\/wp\/v2\/pages\/20\/revisions"}],"predecessor-version":[{"id":996,"href":"https:\/\/www.dorfplatz-staw.net\/Hofkueche\/wp-json\/wp\/v2\/pages\/20\/revisions\/996"}],"wp:attachment":[{"href":"https:\/\/www.dorfplatz-staw.net\/Hofkueche\/wp-json\/wp\/v2\/media?parent=20"}],"curies":[{"name":"wp","href":"https:\/\/api.w.org\/{rel}","templated":true}]}}