{"id":603,"date":"2020-11-24T11:49:08","date_gmt":"2020-11-24T10:49:08","guid":{"rendered":"http:\/\/www.dorfplatz-staw.net\/Hofkueche\/?page_id=603"},"modified":"2021-04-16T14:37:48","modified_gmt":"2021-04-16T12:37:48","slug":"kooperationen","status":"publish","type":"page","link":"https:\/\/www.dorfplatz-staw.net\/Hofkueche\/kooperationen\/","title":{"rendered":"Kooperationen"},"content":{"rendered":"<div id='av_section_1'  class='avia-section main_color avia-section-default avia-no-shadow  avia-full-stretch av-parallax-section avia-bg-style-parallax  avia-builder-el-0  el_before_av_section  avia-builder-el-first   av-minimum-height av-minimum-height-custom  container_wrap sidebar_right' style='background-color: #fccd37;  '  data-section-bg-repeat='stretch'><div class='av-parallax' data-avia-parallax-ratio='0.3' ><div class='av-parallax-inner main_color  avia-full-stretch' style = 'background-color: #fccd37; background-repeat: no-repeat; background-image: url(https:\/\/www.dorfplatz-staw.net\/Hofkueche\/wp-content\/uploads\/2021\/03\/Kooperation-shutterstock_283034996_web-e1617099899635.jpg);background-attachment: scroll; background-position: center center; ' ><\/div><\/div><div class='container' style='height:300px'><main  role=\"main\" itemprop=\"mainContentOfPage\"  class='template-page content  av-content-small alpha units'><div class='post-entry post-entry-type-page post-entry-603'><div class='entry-content-wrapper clearfix'>\n<div  style='padding-bottom:0px; color:#ffffff;font-size:60px;' class='av-special-heading av-special-heading-h1 custom-color-heading blockquote modern-quote  avia-builder-el-1  avia-builder-el-no-sibling  av-thin-font av-inherit-size '><h1 class='av-special-heading-tag '  itemprop=\"headline\"  ><strong>Kooperationen<\/strong><\/h1><div class ='av-subheading av-subheading_below av_custom_color ' style='font-size:20px;'><p><strong>Wichtiger denn je<\/strong><\/p>\n<\/div><div class='special-heading-border'><div class='special-heading-inner-border' style='border-color:#ffffff'><\/div><\/div><\/div>\n<\/div><\/div><\/main><!-- close content main element --><\/div><\/div><div id='av_section_2'  class='avia-section main_color avia-section-large avia-no-border-styling  avia-bg-style-scroll  avia-builder-el-2  el_after_av_section  avia-builder-el-last   container_wrap sidebar_right' style='background-repeat: no-repeat; background-image: url(https:\/\/www.dorfplatz-staw.net\/Hofkueche\/wp-content\/uploads\/2014\/07\/fruit_bg.jpg);background-attachment: scroll; background-position: bottom right;  '  data-section-bg-repeat='no-repeat'><div class='container' ><div class='template-page content  av-content-small alpha units'><div class='post-entry post-entry-type-page post-entry-603'><div class='entry-content-wrapper clearfix'>\n<div class=\"flex_column av_one_third  flex_column_div first  avia-builder-el-3  el_before_av_one_third  avia-builder-el-first  \" ><p><div  class='avia-image-container avia_animated_image avia_animate_when_almost_visible pop-up av-styling-    avia-builder-el-4  el_before_av_icon_box  avia-builder-el-first  avia-align-center '  itemprop=\"image\" itemscope=\"itemscope\" itemtype=\"https:\/\/schema.org\/ImageObject\"  ><div class='avia-image-container-inner'><div class='avia-image-overlay-wrap'><img decoding=\"async\" class='wp-image-729 avia-img-lazy-loading-not-729 avia_image' src=\"https:\/\/www.dorfplatz-staw.net\/Hofkueche\/wp-content\/uploads\/2021\/02\/distelfink-1-495x400.jpg\" alt='' title='distelfink (1)' height=\"400\" width=\"495\"  itemprop=\"thumbnailUrl\" srcset=\"https:\/\/www.dorfplatz-staw.net\/Hofkueche\/wp-content\/uploads\/2021\/02\/distelfink-1-495x400.jpg 495w, https:\/\/www.dorfplatz-staw.net\/Hofkueche\/wp-content\/uploads\/2021\/02\/distelfink-1-845x684.jpg 845w\" sizes=\"(max-width: 495px) 100vw, 495px\" \/><\/div><\/div><\/div><br \/>\n<article  class=\"iconbox iconbox_left    avia-builder-el-5  el_after_av_image  avia-builder-el-last  \"  itemscope=\"itemscope\" itemtype=\"https:\/\/schema.org\/CreativeWork\" ><div class=\"iconbox_content\"><header class=\"entry-content-header\"><div class=\"iconbox_icon heading-color\" aria-hidden='true' data-av_icon='\ue808' data-av_iconfont='entypo-fontello'  style='color:#ec6707; ' ><\/div><h3 class='iconbox_content_title  '  itemprop=\"headline\"   style='color:#ec6707; '>Lieferant*innen<\/h3><\/header><div class='iconbox_content_container  '  itemprop=\"text\"  ><div class=\"iconbox_content_container \">Das Gem\u00fcse bekommen wir u.a. vom <a href=\"https:\/\/www.distelfink.bio\/\" target=\"_blank\" rel=\"noopener noreferrer\"><strong>G\u00e4rtnerhof Distelfink<\/strong><\/a>, von der <a href=\"https:\/\/www.farmfresh.at\/\" target=\"_blank\" rel=\"noopener noreferrer\"><strong>Bio-Landwirtschaft<\/strong><\/a> der Familie Leitzinger (farmfresh), der Biok\u00fcrbis stammt vom <a href=\"http:\/\/www.franzlbauer.at\/\" target=\"_blank\" rel=\"noopener noreferrer\"><strong>Franzlbauern<\/strong><\/a> \u2013 alle drei aus der Gemeinde St. Andr\u00e4-W\u00f6rdern. Weiteres Gem\u00fcse kommt \u00fcber den Bio-Gro\u00dfhandel <a href=\"http:\/\/www.bersta.at\/\" target=\"_blank\" rel=\"noopener noreferrer\"><strong>Bersta<\/strong><\/a> von kleinen Waldviertler Biobetrieben. Unser Fleisch beziehen wir von der Waldviertler Fleischerei <a href=\"https:\/\/bio-schober.at\/\" target=\"_blank\" rel=\"noopener noreferrer\"><strong>Bio-Schober<\/strong><\/a>.Vom<strong> <a href=\"https:\/\/www.wein-genuss-nagl.at\/\" target=\"_blank\" rel=\"noopener noreferrer\">Weinbau Nagl<\/a> <\/strong>aus K\u00f6nigstetten beziehen wir Wein und S\u00e4fte, von <strong><a href=\"https:\/\/www.sonnentor.com\" target=\"_blank\" rel=\"noopener noreferrer\">Sonnentor<\/a><\/strong> aus dem Waldviertel diverse Sirups, Kr\u00e4uter und K\u00e4utertees. Die Bio-Fruchts\u00e4fte kommen von den <a href=\"https:\/\/www.diehoflieferanten.at\/\" target=\"_blank\" rel=\"noopener noreferrer\"><strong>Hof-Lieferanten<\/strong><\/a>. Der <a href=\"https:\/\/www.weltladen.at\/tulln\/\" target=\"_blank\" rel=\"noopener noreferrer\"><strong>Weltladen in Tulln<\/strong><\/a> beliefert uns mit EZA-Produkten aus dem Fairen Handel wie Tee, Maniok Chips und Schokoriegel. Unser Kaffee wird von <a href=\"https:\/\/www.kanzikaffee.at\/\"><strong>Kanzi Kaffee <\/strong><\/a>auf Triestiner Art ger\u00f6stet.<\/p>\n<p>Aus der <strong>Nachbarschaft<\/strong> werden uns immer wieder Obst und N\u00fcsse aus G\u00e4rten gebracht. Vielen Dank liebe Nachbarn!<\/p>\n<p><strong>Unsere Umwelt ist uns wichtig<\/strong> &#8211; deshalb reinigen wir \u00f6kologisch und umweltfreundlich mit <a href=\"http:\/\/www.enjo-wien.at\" target=\"_blank\" rel=\"noopener noreferrer\"><strong>ENJO<\/strong><\/a>.<\/p>\n<p><img decoding=\"async\" loading=\"lazy\" class=\"alignleft wp-image-928\" src=\"http:\/\/www.dorfplatz-staw.net\/Hofkueche\/wp-content\/uploads\/2021\/03\/AT-East-ENJO-logo-pantone012-300x127.png\" alt=\"\" width=\"182\" height=\"77\" srcset=\"https:\/\/www.dorfplatz-staw.net\/Hofkueche\/wp-content\/uploads\/2021\/03\/AT-East-ENJO-logo-pantone012-300x127.png 300w, https:\/\/www.dorfplatz-staw.net\/Hofkueche\/wp-content\/uploads\/2021\/03\/AT-East-ENJO-logo-pantone012-1030x437.png 1030w, https:\/\/www.dorfplatz-staw.net\/Hofkueche\/wp-content\/uploads\/2021\/03\/AT-East-ENJO-logo-pantone012-768x326.png 768w, https:\/\/www.dorfplatz-staw.net\/Hofkueche\/wp-content\/uploads\/2021\/03\/AT-East-ENJO-logo-pantone012-1536x651.png 1536w, https:\/\/www.dorfplatz-staw.net\/Hofkueche\/wp-content\/uploads\/2021\/03\/AT-East-ENJO-logo-pantone012-2048x868.png 2048w, https:\/\/www.dorfplatz-staw.net\/Hofkueche\/wp-content\/uploads\/2021\/03\/AT-East-ENJO-logo-pantone012-1500x636.png 1500w, https:\/\/www.dorfplatz-staw.net\/Hofkueche\/wp-content\/uploads\/2021\/03\/AT-East-ENJO-logo-pantone012-705x299.png 705w\" sizes=\"(max-width: 182px) 100vw, 182px\" \/><\/p>\n<\/div>\n<\/div><\/div><footer class=\"entry-footer\"><\/footer><\/article><\/p><\/div><div class=\"flex_column av_one_third  flex_column_div   avia-builder-el-6  el_after_av_one_third  el_before_av_one_third  \" ><p><div  class='avia-image-container avia_animated_image avia_animate_when_almost_visible pop-up av-styling-    avia-builder-el-7  el_before_av_icon_box  avia-builder-el-first  avia-align-center '  itemprop=\"image\" itemscope=\"itemscope\" itemtype=\"https:\/\/schema.org\/ImageObject\"  ><div class='avia-image-container-inner'><div class='avia-image-overlay-wrap'><img decoding=\"async\" class='wp-image-545 avia-img-lazy-loading-not-545 avia_image' src=\"https:\/\/www.dorfplatz-staw.net\/Hofkueche\/wp-content\/uploads\/2020\/11\/sonnenblume-487x400.jpg\" alt='' title='sonnenblume' height=\"400\" width=\"487\"  itemprop=\"thumbnailUrl\"  \/><\/div><\/div><\/div><br \/>\n<article  class=\"iconbox iconbox_left    avia-builder-el-8  el_after_av_image  avia-builder-el-last  \"  itemscope=\"itemscope\" itemtype=\"https:\/\/schema.org\/CreativeWork\" ><div class=\"iconbox_content\"><header class=\"entry-content-header\"><div class=\"iconbox_icon heading-color\" aria-hidden='true' data-av_icon='\ue808' data-av_iconfont='entypo-fontello'  style='color:#ec6707; ' ><\/div><h3 class='iconbox_content_title  '  itemprop=\"headline\"   style='color:#ec6707; '>Unterst\u00fctzer*innen<\/h3><\/header><div class='iconbox_content_container  '  itemprop=\"text\"  ><div class=\"av-special-heading av-special-heading-h2 blockquote modern-quote avia-builder-el-4 el_before_av_textblock avia-builder-el-first av-thin-font \"><\/div>\n<section class=\"av_textblock_section \">\n<div>Kooperation wird bei uns gro\u00df geschrieben &#8211; und wir freuen uns, dass wir immer wieder Menschen finden, die das auch so sehen. Danke an alle, die uns auf unserem Weg mit Taten und Wissen unterst\u00fctzen.<\/div>\n<div><\/div>\n<div><\/div>\n<\/section>\n<div><\/div>\n<div><\/div>\n<section class=\"av_textblock_section \">\n<div>\n<p><br class=\"avia-permanent-lb\" \/>Unsere kreativen ArchitektInnen Hannah &#038; Alex von <a href=\"http:\/\/www.hallovia.at\" target=\"_blank\" rel=\"noopener noreferrer\"><strong>VIA ZT Architektur KG<\/strong><\/a> haben uns w\u00e4hrend der Planung der Hofk\u00fcche sehr unterst\u00fctzt und gut beraten.<span style=\"color: #3366ff;\"><br \/>\n<\/span><\/p>\n<div><\/div>\n<div><\/div>\n<div>Helmut Strasser von <a href=\"http:\/\/www.enjo-wien.at\" target=\"_blank\" rel=\"noopener noreferrer\"><strong>ENJO<\/strong><\/a> hat uns bei der umweltfreundliche Reinigung unter die Arme gegriffen.<\/div>\n<\/div>\n<\/section>\n<div><\/div>\n<div><\/div>\n<section class=\"av_textblock_section \">\n<div><br class=\"avia-permanent-lb\" \/>Alles rund um Veranstaltungen in der Hofk\u00fcche, dass Beleuchtung, Sound und Technik braucht, unterst\u00fctzt Hannes Oberndorfer mit der Firma <a href=\"http:\/\/www.best-led.at\" target=\"_blank\" rel=\"noopener noreferrer\"><strong>BEST Led Systems<\/strong><\/a><\/div>\n<\/section>\n<div><\/div>\n<div>\n<p>Josef Floh, von der <a href=\"http:\/\/www.derfloh.at\" target=\"_blank\" rel=\"noopener noreferrer\"><strong>Gastwirtschaft Floh<\/strong><\/a>, hat sein Wissen so freigiebig mit uns geteilt. Danke Floh!<\/p>\n<\/div>\n<\/div><\/div><footer class=\"entry-footer\"><\/footer><\/article><\/p><\/div><div class=\"flex_column av_one_third  flex_column_div   avia-builder-el-9  el_after_av_one_third  avia-builder-el-last  \" ><p><div  class='avia-image-container avia_animated_image avia_animate_when_almost_visible pop-up av-styling-    avia-builder-el-10  el_before_av_icon_box  avia-builder-el-first  avia-align-center '  itemprop=\"image\" itemscope=\"itemscope\" itemtype=\"https:\/\/schema.org\/ImageObject\"  ><div class='avia-image-container-inner'><div class='avia-image-overlay-wrap'><img decoding=\"async\" class='wp-image-735 avia-img-lazy-loading-not-735 avia_image' src=\"https:\/\/www.dorfplatz-staw.net\/Hofkueche\/wp-content\/uploads\/2021\/02\/HK-Umbau-25-495x400.jpg\" alt='' title='HK Umbau (25)' height=\"400\" width=\"495\"  itemprop=\"thumbnailUrl\" srcset=\"https:\/\/www.dorfplatz-staw.net\/Hofkueche\/wp-content\/uploads\/2021\/02\/HK-Umbau-25-495x400.jpg 495w, https:\/\/www.dorfplatz-staw.net\/Hofkueche\/wp-content\/uploads\/2021\/02\/HK-Umbau-25-845x684.jpg 845w\" sizes=\"(max-width: 495px) 100vw, 495px\" \/><\/div><\/div><\/div><br \/>\n<article  class=\"iconbox iconbox_left    avia-builder-el-11  el_after_av_image  avia-builder-el-last  \"  itemscope=\"itemscope\" itemtype=\"https:\/\/schema.org\/CreativeWork\" ><div class=\"iconbox_content\"><header class=\"entry-content-header\"><div class=\"iconbox_icon heading-color\" aria-hidden='true' data-av_icon='\ue808' data-av_iconfont='entypo-fontello'  style='color:#ec6707; ' ><\/div><h3 class='iconbox_content_title  '  itemprop=\"headline\"   style='color:#ec6707; '>Sponsor*innen<\/h3><\/header><div class='iconbox_content_container  '  itemprop=\"text\"  ><p>Wir danken unseren Sponsorinnen und Sponsoren f\u00fcr die Unterst\u00fctzung beim Umbau.<\/p>\n<p><a href=\"http:\/\/www.blaueapotheke.at\" target=\"_blank\" rel=\"noopener noreferrer\"><img decoding=\"async\" loading=\"lazy\" class=\"wp-image-850 alignnone\" src=\"http:\/\/www.dorfplatz-staw.net\/Hofkueche\/wp-content\/uploads\/2021\/03\/Apo-logo_rgb-300x104.jpg\" alt=\"\" width=\"135\" height=\"47\" srcset=\"https:\/\/www.dorfplatz-staw.net\/Hofkueche\/wp-content\/uploads\/2021\/03\/Apo-logo_rgb-300x104.jpg 300w, https:\/\/www.dorfplatz-staw.net\/Hofkueche\/wp-content\/uploads\/2021\/03\/Apo-logo_rgb-1030x359.jpg 1030w, https:\/\/www.dorfplatz-staw.net\/Hofkueche\/wp-content\/uploads\/2021\/03\/Apo-logo_rgb-768x267.jpg 768w, https:\/\/www.dorfplatz-staw.net\/Hofkueche\/wp-content\/uploads\/2021\/03\/Apo-logo_rgb-705x246.jpg 705w, https:\/\/www.dorfplatz-staw.net\/Hofkueche\/wp-content\/uploads\/2021\/03\/Apo-logo_rgb.jpg 1183w\" sizes=\"(max-width: 135px) 100vw, 135px\" \/><\/a><\/p>\n<p><a href=\"http:\/\/www.blaueapotheke.at\" target=\"_blank\" rel=\"noopener noreferrer\"><strong>Die Blaue Apotheke<\/strong><\/a> Die Quelle f\u00fcr Ihre Gesundheit!<\/p>\n<p><img decoding=\"async\" loading=\"lazy\" class=\"wp-image-853 alignnone\" src=\"http:\/\/www.dorfplatz-staw.net\/Hofkueche\/wp-content\/uploads\/2021\/03\/IbserNatur_4c-80x80.jpg\" alt=\"\" width=\"68\" height=\"68\" srcset=\"https:\/\/www.dorfplatz-staw.net\/Hofkueche\/wp-content\/uploads\/2021\/03\/IbserNatur_4c-80x80.jpg 80w, https:\/\/www.dorfplatz-staw.net\/Hofkueche\/wp-content\/uploads\/2021\/03\/IbserNatur_4c-300x300.jpg 300w, https:\/\/www.dorfplatz-staw.net\/Hofkueche\/wp-content\/uploads\/2021\/03\/IbserNatur_4c-36x36.jpg 36w, https:\/\/www.dorfplatz-staw.net\/Hofkueche\/wp-content\/uploads\/2021\/03\/IbserNatur_4c-180x180.jpg 180w, https:\/\/www.dorfplatz-staw.net\/Hofkueche\/wp-content\/uploads\/2021\/03\/IbserNatur_4c-705x705.jpg 705w, https:\/\/www.dorfplatz-staw.net\/Hofkueche\/wp-content\/uploads\/2021\/03\/IbserNatur_4c.jpg 732w\" sizes=\"(max-width: 68px) 100vw, 68px\" \/><em><br \/>\n<\/em><span style=\"color: #000000;\">Nat\u00fcrlich sch\u00f6n mit<\/span> <strong><a href=\"https:\/\/www.facebook.com\/Ibser-Naturfriseur-Wienerstra%C3%9Fe-15-3430-Tulln-379313682451720\" target=\"_blank\" rel=\"noopener noreferrer\">Ibser Naturfriseur<\/a>\u00a0<\/strong><\/p>\n<p><img decoding=\"async\" loading=\"lazy\" class=\"wp-image-854 alignnone\" src=\"http:\/\/www.dorfplatz-staw.net\/Hofkueche\/wp-content\/uploads\/2021\/03\/bogenwald1-300x77.jpg\" alt=\"\" width=\"171\" height=\"44\" srcset=\"https:\/\/www.dorfplatz-staw.net\/Hofkueche\/wp-content\/uploads\/2021\/03\/bogenwald1-300x77.jpg 300w, https:\/\/www.dorfplatz-staw.net\/Hofkueche\/wp-content\/uploads\/2021\/03\/bogenwald1-1030x264.jpg 1030w, https:\/\/www.dorfplatz-staw.net\/Hofkueche\/wp-content\/uploads\/2021\/03\/bogenwald1-768x197.jpg 768w, https:\/\/www.dorfplatz-staw.net\/Hofkueche\/wp-content\/uploads\/2021\/03\/bogenwald1-1536x393.jpg 1536w, https:\/\/www.dorfplatz-staw.net\/Hofkueche\/wp-content\/uploads\/2021\/03\/bogenwald1-2048x524.jpg 2048w, https:\/\/www.dorfplatz-staw.net\/Hofkueche\/wp-content\/uploads\/2021\/03\/bogenwald1-1500x384.jpg 1500w, https:\/\/www.dorfplatz-staw.net\/Hofkueche\/wp-content\/uploads\/2021\/03\/bogenwald1-705x180.jpg 705w\" sizes=\"(max-width: 171px) 100vw, 171px\" \/><\/p>\n<p><strong><a href=\"http:\/\/www.bogenwald.net\" target=\"_blank\" rel=\"noopener noreferrer\">Bogenwald<\/a> <\/strong>Traditionelles Bogenschie\u00dfen \u2013 Entspannung in der Natur<\/p>\n<p><img decoding=\"async\" loading=\"lazy\" class=\"alignnone wp-image-856\" src=\"http:\/\/www.dorfplatz-staw.net\/Hofkueche\/wp-content\/uploads\/2021\/03\/EFRE2014-1c-LogoReflexBlue2000px_freigestellt-300x75.png\" alt=\"\" width=\"175\" height=\"37\" \/><\/p>\n<p>Dieses Projekt wurde aus Mitteln des Europ\u00e4ischen Fonds f\u00fcr regionale Entwicklung kofinanziert. N\u00e4here Informationen zu IWB\/EFRE finden Sie auf <strong><a href=\"http:\/\/www.efre.gv.at\" target=\"_blank\" rel=\"noopener noreferrer\">www.efre.gv.at<\/a><\/strong><\/p>\n<\/div><\/div><footer class=\"entry-footer\"><\/footer><\/article><\/p><\/div><\/div><\/div><\/div><!-- close content main div --><\/div><\/div><div id='after_section_2'  class='main_color av_default_container_wrap container_wrap sidebar_right' style=' '  ><div class='container' ><div class='template-page content  av-content-small alpha units'><div class='post-entry post-entry-type-page post-entry-603'><div class='entry-content-wrapper clearfix'><\/p>\n","protected":false},"excerpt":{"rendered":"","protected":false},"author":3,"featured_media":0,"parent":0,"menu_order":0,"comment_status":"closed","ping_status":"closed","template":"","meta":{"slim_seo":[]},"_links":{"self":[{"href":"https:\/\/www.dorfplatz-staw.net\/Hofkueche\/wp-json\/wp\/v2\/pages\/603"}],"collection":[{"href":"https:\/\/www.dorfplatz-staw.net\/Hofkueche\/wp-json\/wp\/v2\/pages"}],"about":[{"href":"https:\/\/www.dorfplatz-staw.net\/Hofkueche\/wp-json\/wp\/v2\/types\/page"}],"author":[{"embeddable":true,"href":"https:\/\/www.dorfplatz-staw.net\/Hofkueche\/wp-json\/wp\/v2\/users\/3"}],"replies":[{"embeddable":true,"href":"https:\/\/www.dorfplatz-staw.net\/Hofkueche\/wp-json\/wp\/v2\/comments?post=603"}],"version-history":[{"count":66,"href":"https:\/\/www.dorfplatz-staw.net\/Hofkueche\/wp-json\/wp\/v2\/pages\/603\/revisions"}],"predecessor-version":[{"id":2185,"href":"https:\/\/www.dorfplatz-staw.net\/Hofkueche\/wp-json\/wp\/v2\/pages\/603\/revisions\/2185"}],"wp:attachment":[{"href":"https:\/\/www.dorfplatz-staw.net\/Hofkueche\/wp-json\/wp\/v2\/media?parent=603"}],"curies":[{"name":"wp","href":"https:\/\/api.w.org\/{rel}","templated":true}]}}