{"id":671,"date":"2021-01-19T12:07:20","date_gmt":"2021-01-19T11:07:20","guid":{"rendered":"http:\/\/www.dorfplatz-staw.net\/Hofkueche\/?page_id=671"},"modified":"2025-12-04T15:25:37","modified_gmt":"2025-12-04T14:25:37","slug":"uber-uns","status":"publish","type":"page","link":"https:\/\/www.dorfplatz-staw.net\/Hofkueche\/uber-uns\/","title":{"rendered":"\u00dcber uns"},"content":{"rendered":"<div id='av_section_1'  class='avia-section main_color avia-section-default avia-no-shadow  avia-bg-style-parallax  avia-builder-el-0  el_before_av_two_fifth  avia-builder-el-first   av-minimum-height av-minimum-height-custom  container_wrap sidebar_right' style='background-color: #ee7202;  '  ><div class='container' style='height:300px'><main  role=\"main\" itemprop=\"mainContentOfPage\"  class='template-page content  av-content-small alpha units'><div class='post-entry post-entry-type-page post-entry-671'><div class='entry-content-wrapper clearfix'>\n<div  style='padding-bottom:0px; color:#ffffff;font-size:60px;' class='av-special-heading av-special-heading-h1 custom-color-heading blockquote modern-quote  avia-builder-el-1  avia-builder-el-no-sibling  av-thin-font av-inherit-size '><h1 class='av-special-heading-tag '  itemprop=\"headline\"  ><strong>\u00dcber uns<\/strong><\/h1><div class ='av-subheading av-subheading_below av_custom_color ' style='font-size:20px;'><p><strong>Frei nach Pippi Langstrumpf:<br \/>\nDas haben wir noch nie vorher versucht,<br \/>\nalso sind wir v\u00f6llig sicher, dass wir es schaffen!<\/strong><\/p>\n<\/div><div class='special-heading-border'><div class='special-heading-inner-border' style='border-color:#ffffff'><\/div><\/div><\/div>\n<\/div><\/div><\/main><!-- close content main element --><\/div><\/div><div id='after_section_1'  class='main_color av_default_container_wrap container_wrap sidebar_right' style=' '  ><div class='container' ><div class='template-page content  av-content-small alpha units'><div class='post-entry post-entry-type-page post-entry-671'><div class='entry-content-wrapper clearfix'>\n<div class=\"flex_column av_two_fifth  flex_column_div av-zero-column-padding first  avia-builder-el-2  el_after_av_section  el_before_av_three_fifth  avia-builder-el-first  \" style='border-radius:0px; '><div  class='avia-image-container  av-styling-    avia-builder-el-3  avia-builder-el-no-sibling  avia-align-center '  itemprop=\"image\" itemscope=\"itemscope\" itemtype=\"https:\/\/schema.org\/ImageObject\"  ><div class='avia-image-container-inner'><div class='avia-image-overlay-wrap'><img decoding=\"async\" class='wp-image-945 avia-img-lazy-loading-not-945 avia_image' src=\"https:\/\/www.dorfplatz-staw.net\/Hofkueche\/wp-content\/uploads\/2021\/03\/Skizze_HKamDP-1-1030x624.jpg\" alt='' title='Skizze_HKamDP' height=\"624\" width=\"1030\"  itemprop=\"thumbnailUrl\" srcset=\"https:\/\/www.dorfplatz-staw.net\/Hofkueche\/wp-content\/uploads\/2021\/03\/Skizze_HKamDP-1-1030x624.jpg 1030w, https:\/\/www.dorfplatz-staw.net\/Hofkueche\/wp-content\/uploads\/2021\/03\/Skizze_HKamDP-1-300x182.jpg 300w, https:\/\/www.dorfplatz-staw.net\/Hofkueche\/wp-content\/uploads\/2021\/03\/Skizze_HKamDP-1-768x465.jpg 768w, https:\/\/www.dorfplatz-staw.net\/Hofkueche\/wp-content\/uploads\/2021\/03\/Skizze_HKamDP-1-1536x930.jpg 1536w, https:\/\/www.dorfplatz-staw.net\/Hofkueche\/wp-content\/uploads\/2021\/03\/Skizze_HKamDP-1-2048x1240.jpg 2048w, https:\/\/www.dorfplatz-staw.net\/Hofkueche\/wp-content\/uploads\/2021\/03\/Skizze_HKamDP-1-1500x908.jpg 1500w, https:\/\/www.dorfplatz-staw.net\/Hofkueche\/wp-content\/uploads\/2021\/03\/Skizze_HKamDP-1-705x427.jpg 705w\" sizes=\"(max-width: 1030px) 100vw, 1030px\" \/><\/div><\/div><\/div><\/div>\n<div class=\"flex_column av_three_fifth  flex_column_div av-zero-column-padding   avia-builder-el-4  el_after_av_two_fifth  el_before_av_one_full  \" style='border-radius:0px; '><p><div  style='padding-bottom:10px; ' class='av-special-heading av-special-heading-h3    avia-builder-el-5  el_before_av_textblock  avia-builder-el-first  '><h3 class='av-special-heading-tag '  itemprop=\"headline\"  >Die Hofk\u00fcche ist ein Teil vom DORFPLATZ<\/h3><div class='special-heading-border'><div class='special-heading-inner-border' ><\/div><\/div><\/div><br \/>\n<section class=\"av_textblock_section \"  itemscope=\"itemscope\" itemtype=\"https:\/\/schema.org\/CreativeWork\" ><div class='avia_textblock  '   itemprop=\"text\" ><p>Der <strong>DORFPLATZ<\/strong> ist ein Zentrum f\u00fcr kooperatives Arbeiten und Leben im Zentrum von St. Andr\u00e4-W\u00f6rdern \u2013 ein Mit- und Nebeneinander von \u00fcber 20 Kunsthandwerker*innen und K\u00fcnstler*innen in kleinen Werkst\u00e4tten, einem Gemeinschaftsb\u00fcro, vielf\u00e4ltigen Veranstaltungen und der gemeinschaftlich genutzten Infrastruktur.<\/p>\n<p>Dazu wurde im Sommer 2018 wurde aus dem ehemaligen Vereinslokal <strong>die Hofk\u00fcche<\/strong>: ein Gasthaus, das t\u00e4glich frisch gekochtes Essen serviert \u2013 <strong>ein Ort f\u00fcr richtig gutes Essen, Begegnung, spannende Projekte, Kultur &#038; Veranstaltungen. <\/strong><\/p>\n<\/div><\/section><\/p><\/div>\n<div class=\"flex_column av_one_full  flex_column_div av-zero-column-padding first  avia-builder-el-7  el_after_av_three_fifth  el_before_av_two_fifth  \" style='border-radius:0px; '><\/div>\n<div class=\"flex_column av_two_fifth  flex_column_div av-zero-column-padding first  avia-builder-el-8  el_after_av_one_full  el_before_av_three_fifth  column-top-margin\" style='border-radius:0px; '><div  class='avia-image-container  av-styling-    avia-builder-el-9  avia-builder-el-no-sibling  avia-align-center '  itemprop=\"image\" itemscope=\"itemscope\" itemtype=\"https:\/\/schema.org\/ImageObject\"  ><div class='avia-image-container-inner'><div class='avia-image-overlay-wrap'><img decoding=\"async\" class='wp-image-2567 avia-img-lazy-loading-not-2567 avia_image' src=\"https:\/\/www.dorfplatz-staw.net\/Hofkueche\/wp-content\/uploads\/2025\/12\/10-jahre-dorfplatz_OttoSibera_team-hofkueche-scaled.jpg\" alt='10 Jahre Dorfplatz Ottosibera Team Hofku\u0308che' title='10 jahre dorfplatz_OttoSibera_team hofku\u0308che' height=\"1707\" width=\"2560\"  itemprop=\"thumbnailUrl\" srcset=\"https:\/\/www.dorfplatz-staw.net\/Hofkueche\/wp-content\/uploads\/2025\/12\/10-jahre-dorfplatz_OttoSibera_team-hofkueche-scaled.jpg 2560w, https:\/\/www.dorfplatz-staw.net\/Hofkueche\/wp-content\/uploads\/2025\/12\/10-jahre-dorfplatz_OttoSibera_team-hofkueche-300x200.jpg 300w, https:\/\/www.dorfplatz-staw.net\/Hofkueche\/wp-content\/uploads\/2025\/12\/10-jahre-dorfplatz_OttoSibera_team-hofkueche-1030x687.jpg 1030w, https:\/\/www.dorfplatz-staw.net\/Hofkueche\/wp-content\/uploads\/2025\/12\/10-jahre-dorfplatz_OttoSibera_team-hofkueche-768x512.jpg 768w, https:\/\/www.dorfplatz-staw.net\/Hofkueche\/wp-content\/uploads\/2025\/12\/10-jahre-dorfplatz_OttoSibera_team-hofkueche-1536x1024.jpg 1536w\" sizes=\"(max-width: 2560px) 100vw, 2560px\" \/><\/div><\/div><\/div><\/div><div class=\"flex_column av_three_fifth  flex_column_div av-zero-column-padding   avia-builder-el-10  el_after_av_two_fifth  el_before_av_section  avia-builder-el-last  column-top-margin\" style='border-radius:0px; '><p><div  style='padding-bottom:10px; ' class='av-special-heading av-special-heading-h3    avia-builder-el-11  el_before_av_textblock  avia-builder-el-first  '><h3 class='av-special-heading-tag '  itemprop=\"headline\"  >Unser Team<\/h3><div class='special-heading-border'><div class='special-heading-inner-border' ><\/div><\/div><\/div><br \/>\n<section class=\"av_textblock_section \"  itemscope=\"itemscope\" itemtype=\"https:\/\/schema.org\/CreativeWork\" ><div class='avia_textblock  '   itemprop=\"text\" ><p>Uns ist es wichtig, dass bei uns Menschen arbeiten, die ihre Erfahrungen und Kenntnisse einbringen und ihr Arbeitsumfeld mitgestalten k\u00f6nnen.<\/p>\n<p>In der K\u00fcche bereiten <strong>Christina Grassnigg<\/strong> und <strong>Jasmine Gusterschitz <\/strong>f\u00fcr euch kreative und wohlschmeckende Gerichte zu. An der Schank sorgt <strong>Sonja Resch<\/strong> f\u00fcr euer Wohl. <strong>Ganimete Krasniqi <\/strong>unterst\u00fctzt die K\u00fcche und sorgt f\u00fcr Hygiene und Sauberkeit. <strong>Renate Sova <\/strong>ist die Gesch\u00e4ftsf\u00fchrerin und k\u00fcmmert sich mit <strong>Veronika Ibser<\/strong> auch um Feiern und Events.<\/p>\n<p><strong>Gemeinsam sorgen wir f\u00fcr Genuss &#8211; t\u00e4glich frisch gekocht. Kreativ, vielf\u00e4ltig, regional.<br \/>\n<\/strong><\/p>\n<\/div><\/section><\/p><\/div><\/div><\/div><\/div><!-- close content main div --><\/div><\/div><div id='av_section_2'  class='avia-section main_color avia-section-large avia-no-border-styling  avia-bg-style-scroll  avia-builder-el-13  el_after_av_three_fifth  el_before_av_three_fifth   container_wrap sidebar_right' style='background-repeat: no-repeat; background-image: url(https:\/\/www.dorfplatz-staw.net\/Hofkueche\/wp-content\/uploads\/2014\/07\/fruit_bg.jpg);background-attachment: scroll; background-position: bottom right;  '  data-section-bg-repeat='no-repeat'><div class='container' ><div class='template-page content  av-content-small alpha units'><div class='post-entry post-entry-type-page post-entry-671'><div class='entry-content-wrapper clearfix'>\n<div class=\"flex_column av_one_third  flex_column_div first  avia-builder-el-14  el_before_av_one_third  avia-builder-el-first  \" ><article  class=\"iconbox iconbox_left    avia-builder-el-15  avia-builder-el-no-sibling  \"  itemscope=\"itemscope\" itemtype=\"https:\/\/schema.org\/CreativeWork\" ><div class=\"iconbox_content\"><header class=\"entry-content-header\"><div class=\"iconbox_icon heading-color\" aria-hidden='true' data-av_icon='\ue808' data-av_iconfont='entypo-fontello'  style='color:#ec6707; ' ><\/div><h3 class='iconbox_content_title  '  itemprop=\"headline\"   style='color:#ec6707; '>Du bist was du isst!<\/h3><\/header><div class='iconbox_content_container  '  itemprop=\"text\"  ><p><strong>Genuss &#8211; t\u00e4glich frisch gekocht.<br \/>\n<\/strong><\/p>\n<p>In der Hofk\u00fcche achten wir darauf, unsere Zutaten aus regionaler und biologischer Produktion zu beziehen. Unsere Ideen f\u00fcr die Speisen beziehen wir aus aller Welt, von ber\u00fchmten und weniger ber\u00fchmten K\u00f6chInnen &#8211; und aus Omas Kochbuch. Neues oder Altbew\u00e4hrtes neu umgesetzt und immer mit dem Fokus auf gesunde, vollwertige und schmackhafte Ern\u00e4hrung.<\/p>\n<\/div><\/div><footer class=\"entry-footer\"><\/footer><\/article><\/div><div class=\"flex_column av_one_third  flex_column_div   avia-builder-el-16  el_after_av_one_third  el_before_av_one_third  \" ><article  class=\"iconbox iconbox_left    avia-builder-el-17  avia-builder-el-no-sibling  \"  itemscope=\"itemscope\" itemtype=\"https:\/\/schema.org\/CreativeWork\" ><div class=\"iconbox_content\"><header class=\"entry-content-header\"><div class=\"iconbox_icon heading-color\" aria-hidden='true' data-av_icon='\ue808' data-av_iconfont='entypo-fontello'  style='color:#ec6707; ' ><\/div><h3 class='iconbox_content_title  '  itemprop=\"headline\"   style='color:#ec6707; '>Kultur des Miteinanders<\/h3><\/header><div class='iconbox_content_container  '  itemprop=\"text\"  ><p><strong>Weil es uns wichtig ist\u2026<\/strong><\/p>\n<p>\u201eWenn du schnell gehen willst, dann gehe alleine.<br \/>\nWenn du weit gehen willst, dann musst du mit anderen zusammen gehen.\u201c<\/p>\n<p>Dieser Spruch aus Afrika beschreibt auch unseren Zugang am DORFPLATZ. Wir wollen weit gehen. Und das gemeinsam &#8211; mit unserem Team und unseren G\u00e4sten.<\/p>\n<\/div><\/div><footer class=\"entry-footer\"><\/footer><\/article><\/div><div class=\"flex_column av_one_third  flex_column_div   avia-builder-el-18  el_after_av_one_third  avia-builder-el-last  \" ><article  class=\"iconbox iconbox_left    avia-builder-el-19  avia-builder-el-no-sibling  \"  itemscope=\"itemscope\" itemtype=\"https:\/\/schema.org\/CreativeWork\" ><div class=\"iconbox_content\"><header class=\"entry-content-header\"><div class=\"iconbox_icon heading-color\" aria-hidden='true' data-av_icon='\ue808' data-av_iconfont='entypo-fontello'  style='color:#ec6707; ' ><\/div><h3 class='iconbox_content_title  '  itemprop=\"headline\"   style='color:#ec6707; '>Social Business<\/h3><\/header><div class='iconbox_content_container  '  itemprop=\"text\"  ><p><strong>Bio, regional und saisonal<\/strong><\/p>\n<p>Ziel des Projektes ist es, mit dem Angebot von frischem gesunden Essen in unserer Marktgemeinde auch Arbeitspl\u00e4tze f\u00fcr am Arbeitsmarkt benachteiligte Personen zu schaffen.<\/p>\n<p>Wir freuen uns \u00fcber die Nominierung zum TRIGOS N\u00d6 2019 in der Kategorie Regionale Wertschaffung.<\/p>\n<p>Hier der <a href=\"https:\/\/vimeo.com\/339508688\/67f0bde2ef\"><strong>Link zum Projektvideo<\/strong><\/a>.<\/p>\n<\/div><\/div><footer class=\"entry-footer\"><\/footer><\/article><\/div>\n<\/div><\/div><\/div><!-- close content main div --><\/div><\/div><div id='after_section_2'  class='main_color av_default_container_wrap container_wrap sidebar_right' style=' '  ><div class='container' ><div class='template-page content  av-content-small alpha units'><div class='post-entry post-entry-type-page post-entry-671'><div class='entry-content-wrapper clearfix'><\/p>\n<div class=\"flex_column av_three_fifth  flex_column_div av-zero-column-padding first  avia-builder-el-20  el_after_av_section  el_before_av_two_fifth  avia-builder-el-first  \" style='border-radius:0px; '><p><div  style='padding-bottom:10px; ' class='av-special-heading av-special-heading-h3    avia-builder-el-21  el_before_av_textblock  avia-builder-el-first  '><h3 class='av-special-heading-tag '  itemprop=\"headline\"  >Unsere Lieferant*innen<\/h3><div class='special-heading-border'><div class='special-heading-inner-border' ><\/div><\/div><\/div><br \/>\n<section class=\"av_textblock_section \"  itemscope=\"itemscope\" itemtype=\"https:\/\/schema.org\/CreativeWork\" ><div class='avia_textblock  '   itemprop=\"text\" ><p>Das Gem\u00fcse bekommen wir u.a. vom <a href=\"https:\/\/www.distelfink.bio\/\" rel=\"noopener\"><strong>G\u00e4rtnerhof Distelfink<\/strong><\/a>, von der <a href=\"https:\/\/www.farmfresh.at\/\" rel=\"noopener\"><strong>Bio-Landwirtschaft<\/strong><\/a> der Familie Leitzinger (farmfresh), der Biok\u00fcrbis stammt vom <a href=\"http:\/\/www.franzlbauer.at\/\" rel=\"noopener\"><strong>Franzlbauern<\/strong><\/a> \u2013 alle drei aus der Gemeinde St. Andr\u00e4-W\u00f6rdern. Weiteres Gem\u00fcse kommt \u00fcber den Bio-Gro\u00dfhandel <a href=\"http:\/\/www.bersta.at\/\" rel=\"noopener\"><strong>Bersta<\/strong><\/a> von kleinen Waldviertler Biobetrieben. Unser Fleisch beziehen wir von der Waldviertler Fleischerei <a href=\"https:\/\/bio-schober.at\/\" rel=\"noopener\"><strong>Bio-Schober<\/strong><\/a>.Vom<strong> <a href=\"https:\/\/www.wein-genuss-nagl.at\/\" rel=\"noopener\">Weinbau Nagl<\/a> <\/strong>aus K\u00f6nigstetten beziehen wir Wein und S\u00e4fte, von <strong><a href=\"https:\/\/www.sonnentor.com\" rel=\"noopener\">Sonnentor<\/a><\/strong> aus dem Waldviertel diverse Sirups, Kr\u00e4uter und K\u00e4utertees. Die Bio-Fruchts\u00e4fte kommen von den <a href=\"https:\/\/www.diehoflieferanten.at\/\" rel=\"noopener\"><strong>Hof-Lieferanten<\/strong><\/a>. Der <a href=\"https:\/\/www.weltladen.at\/tulln\/\" rel=\"noopener\"><strong>Weltladen in Tulln<\/strong><\/a> beliefert uns mit EZA-Produkten aus dem Fairen Handel wie Tee, Maniok Chips und Schokoriegel. Unser Kaffee wird von <a href=\"https:\/\/www.kanzikaffee.at\/\"><strong>Kanzi Kaffee <\/strong><\/a>auf Triestiner Art ger\u00f6stet.<\/p>\n<p>Aus der <strong>Nachbarschaft<\/strong> werden uns immer wieder Obst und N\u00fcsse aus G\u00e4rten gebracht. Vielen Dank liebe Nachbarn!<\/p>\n<p><strong>Unsere Umwelt ist uns wichtig<\/strong> \u2013<br \/>\ndeshalb reinigen wir \u00f6kologisch und umweltfreundlich mit <a href=\"http:\/\/www.enjo-wien.at\" rel=\"noopener\"><strong>ENJO<\/strong><\/a>.<\/p>\n<div class=\"wp-block-image\"><img decoding=\"async\" loading=\"lazy\" class=\"alignleft  wp-image-928\" src=\"http:\/\/www.dorfplatz-staw.net\/Hofkueche\/wp-content\/uploads\/2021\/03\/AT-East-ENJO-logo-pantone012.png\" alt=\"At East Enjo Logo Pantone012\" width=\"184\" height=\"78\" srcset=\"https:\/\/www.dorfplatz-staw.net\/Hofkueche\/wp-content\/uploads\/2021\/03\/AT-East-ENJO-logo-pantone012.png 2953w, https:\/\/www.dorfplatz-staw.net\/Hofkueche\/wp-content\/uploads\/2021\/03\/AT-East-ENJO-logo-pantone012-300x127.png 300w, https:\/\/www.dorfplatz-staw.net\/Hofkueche\/wp-content\/uploads\/2021\/03\/AT-East-ENJO-logo-pantone012-1030x437.png 1030w, https:\/\/www.dorfplatz-staw.net\/Hofkueche\/wp-content\/uploads\/2021\/03\/AT-East-ENJO-logo-pantone012-768x326.png 768w, https:\/\/www.dorfplatz-staw.net\/Hofkueche\/wp-content\/uploads\/2021\/03\/AT-East-ENJO-logo-pantone012-1536x651.png 1536w, https:\/\/www.dorfplatz-staw.net\/Hofkueche\/wp-content\/uploads\/2021\/03\/AT-East-ENJO-logo-pantone012-2048x868.png 2048w, https:\/\/www.dorfplatz-staw.net\/Hofkueche\/wp-content\/uploads\/2021\/03\/AT-East-ENJO-logo-pantone012-1500x636.png 1500w, https:\/\/www.dorfplatz-staw.net\/Hofkueche\/wp-content\/uploads\/2021\/03\/AT-East-ENJO-logo-pantone012-705x299.png 705w\" sizes=\"(max-width: 184px) 100vw, 184px\" \/><\/div>\n<\/div><\/section><\/p><\/div><div class=\"flex_column av_two_fifth  flex_column_div av-zero-column-padding   avia-builder-el-23  el_after_av_three_fifth  avia-builder-el-last  \" style='border-radius:0px; '><div  class='avia-image-container  av-styling-    avia-builder-el-24  avia-builder-el-no-sibling  avia-align-center '  itemprop=\"image\" itemscope=\"itemscope\" itemtype=\"https:\/\/schema.org\/ImageObject\"  ><div class='avia-image-container-inner'><div class='avia-image-overlay-wrap'><img decoding=\"async\" class='wp-image-729 avia-img-lazy-loading-not-729 avia_image' src=\"https:\/\/www.dorfplatz-staw.net\/Hofkueche\/wp-content\/uploads\/2021\/02\/distelfink-1.jpg\" alt='' title='distelfink (1)' height=\"768\" width=\"1024\"  itemprop=\"thumbnailUrl\" srcset=\"https:\/\/www.dorfplatz-staw.net\/Hofkueche\/wp-content\/uploads\/2021\/02\/distelfink-1.jpg 1024w, https:\/\/www.dorfplatz-staw.net\/Hofkueche\/wp-content\/uploads\/2021\/02\/distelfink-1-300x225.jpg 300w, https:\/\/www.dorfplatz-staw.net\/Hofkueche\/wp-content\/uploads\/2021\/02\/distelfink-1-768x576.jpg 768w, https:\/\/www.dorfplatz-staw.net\/Hofkueche\/wp-content\/uploads\/2021\/02\/distelfink-1-705x529.jpg 705w\" sizes=\"(max-width: 1024px) 100vw, 1024px\" \/><\/div><\/div><\/div><\/div><\/p>\n","protected":false},"excerpt":{"rendered":"","protected":false},"author":1,"featured_media":0,"parent":0,"menu_order":0,"comment_status":"closed","ping_status":"closed","template":"","meta":{"slim_seo":{"title":"{{ post.title }} {{ page }} {{ sep }} {{ site.title }} - Saisonale K\u00fcche mit Bio-Zutaten","description":"Die Hofk\u00fcche St. Andr\u00e4-W\u00f6rdern liegt im 2. Innenhof vom DORFPLATZ St. Andr\u00e4-W\u00f6rdern, 5 min vom Bahnhof. Der DORFPLATZ ist ein Zentrum f\u00fcr kooperatives Wirtschaften."}},"_links":{"self":[{"href":"https:\/\/www.dorfplatz-staw.net\/Hofkueche\/wp-json\/wp\/v2\/pages\/671"}],"collection":[{"href":"https:\/\/www.dorfplatz-staw.net\/Hofkueche\/wp-json\/wp\/v2\/pages"}],"about":[{"href":"https:\/\/www.dorfplatz-staw.net\/Hofkueche\/wp-json\/wp\/v2\/types\/page"}],"author":[{"embeddable":true,"href":"https:\/\/www.dorfplatz-staw.net\/Hofkueche\/wp-json\/wp\/v2\/users\/1"}],"replies":[{"embeddable":true,"href":"https:\/\/www.dorfplatz-staw.net\/Hofkueche\/wp-json\/wp\/v2\/comments?post=671"}],"version-history":[{"count":86,"href":"https:\/\/www.dorfplatz-staw.net\/Hofkueche\/wp-json\/wp\/v2\/pages\/671\/revisions"}],"predecessor-version":[{"id":2568,"href":"https:\/\/www.dorfplatz-staw.net\/Hofkueche\/wp-json\/wp\/v2\/pages\/671\/revisions\/2568"}],"wp:attachment":[{"href":"https:\/\/www.dorfplatz-staw.net\/Hofkueche\/wp-json\/wp\/v2\/media?parent=671"}],"curies":[{"name":"wp","href":"https:\/\/api.w.org\/{rel}","templated":true}]}}